{"id":4096,"date":"2025-05-20T10:12:39","date_gmt":"2025-05-20T10:12:39","guid":{"rendered":"https:\/\/3dgence-fse-docker.devel8.wlc.team\/?page_id=4096"},"modified":"2025-05-20T11:25:31","modified_gmt":"2025-05-20T11:25:31","slug":"filament-pla","status":"publish","type":"page","link":"https:\/\/3dgence-druki.devel8.wlc.team\/en\/filament-pla\/","title":{"rendered":"Filament &#8211; PLA"},"content":{"rendered":"\n<section class=\"wp-block-group banner-with-mobile-background is-layout-constrained wp-block-group-is-layout-constrained\">\n<figure class=\"wp-block-image size-full mobile-image\"><img loading=\"lazy\" decoding=\"async\" width=\"768\" height=\"768\" src=\"https:\/\/3dgence-druki.devel8.wlc.team\/wp-content\/uploads\/2024\/09\/banner-mobile_768x768px___filaments-PLA_3DGence.jpg\" alt=\"\" class=\"wp-image-4098\" srcset=\"https:\/\/3dgence-druki.devel8.wlc.team\/wp-content\/uploads\/2024\/09\/banner-mobile_768x768px___filaments-PLA_3DGence.jpg 768w, https:\/\/3dgence-druki.devel8.wlc.team\/wp-content\/uploads\/2024\/09\/banner-mobile_768x768px___filaments-PLA_3DGence-300x300.jpg 300w, https:\/\/3dgence-druki.devel8.wlc.team\/wp-content\/uploads\/2024\/09\/banner-mobile_768x768px___filaments-PLA_3DGence-150x150.jpg 150w, https:\/\/3dgence-druki.devel8.wlc.team\/wp-content\/uploads\/2024\/09\/banner-mobile_768x768px___filaments-PLA_3DGence-69x69.jpg 69w, https:\/\/3dgence-druki.devel8.wlc.team\/wp-content\/uploads\/2024\/09\/banner-mobile_768x768px___filaments-PLA_3DGence-621x621.jpg 621w, https:\/\/3dgence-druki.devel8.wlc.team\/wp-content\/uploads\/2024\/09\/banner-mobile_768x768px___filaments-PLA_3DGence-672x672.jpg 672w, https:\/\/3dgence-druki.devel8.wlc.team\/wp-content\/uploads\/2024\/09\/banner-mobile_768x768px___filaments-PLA_3DGence-663x663.jpg 663w\" sizes=\"auto, (max-width: 768px) 100vw, 768px\" \/><\/figure>\n\n\n\n<div class=\"wp-block-cover alignfull is-light\"><span aria-hidden=\"true\" class=\"wp-block-cover__background has-background-dim-0 has-background-dim\" style=\"background-color:#e3e4e3\"><\/span><img loading=\"lazy\" decoding=\"async\" width=\"1920\" height=\"630\" class=\"wp-block-cover__image-background wp-image-4103\" alt=\"\" src=\"https:\/\/3dgence-druki.devel8.wlc.team\/wp-content\/uploads\/2024\/09\/banner-desktop_1920x630px___filaments-PLA_3DGence.jpg\" data-object-fit=\"cover\" srcset=\"https:\/\/3dgence-druki.devel8.wlc.team\/wp-content\/uploads\/2024\/09\/banner-desktop_1920x630px___filaments-PLA_3DGence.jpg 1920w, https:\/\/3dgence-druki.devel8.wlc.team\/wp-content\/uploads\/2024\/09\/banner-desktop_1920x630px___filaments-PLA_3DGence-300x98.jpg 300w, https:\/\/3dgence-druki.devel8.wlc.team\/wp-content\/uploads\/2024\/09\/banner-desktop_1920x630px___filaments-PLA_3DGence-1024x336.jpg 1024w, https:\/\/3dgence-druki.devel8.wlc.team\/wp-content\/uploads\/2024\/09\/banner-desktop_1920x630px___filaments-PLA_3DGence-768x252.jpg 768w, https:\/\/3dgence-druki.devel8.wlc.team\/wp-content\/uploads\/2024\/09\/banner-desktop_1920x630px___filaments-PLA_3DGence-1536x504.jpg 1536w, https:\/\/3dgence-druki.devel8.wlc.team\/wp-content\/uploads\/2024\/09\/banner-desktop_1920x630px___filaments-PLA_3DGence-69x23.jpg 69w, https:\/\/3dgence-druki.devel8.wlc.team\/wp-content\/uploads\/2024\/09\/banner-desktop_1920x630px___filaments-PLA_3DGence-621x204.jpg 621w, https:\/\/3dgence-druki.devel8.wlc.team\/wp-content\/uploads\/2024\/09\/banner-desktop_1920x630px___filaments-PLA_3DGence-672x221.jpg 672w, https:\/\/3dgence-druki.devel8.wlc.team\/wp-content\/uploads\/2024\/09\/banner-desktop_1920x630px___filaments-PLA_3DGence-1009x331.jpg 1009w\" sizes=\"auto, (max-width: 1920px) 100vw, 1920px\" \/><div class=\"wp-block-cover__inner-container is-layout-constrained wp-block-cover-is-layout-constrained\">\n<div class=\"wp-block-group mobile-background has-very-light-gray-background-color has-background is-layout-flow wp-block-group-is-layout-flow\">\n<div class=\"wp-block-group content-wrapper is-layout-flow wp-block-group-is-layout-flow\">\n<h2 class=\"wp-block-heading\" style=\"margin-top:30px;font-size:70px\">PLA<\/h2>\n\n\n\n<p style=\"padding-right:30px\">PLA filament is a biodegradable thermoplastic polymer, that is produced out of renewable resources. PLA is comparatively easy to work with, usually requiring minimal effort to produce quality parts, especially on an FFF 3D printer.<\/p>\n\n\n\n<div class=\"wp-block-buttons has-custom-font-size has-14-font-size is-horizontal is-content-justification-left is-nowrap is-layout-flex wp-container-core-buttons-is-layout-7ef95ccd wp-block-buttons-is-layout-flex\" style=\"margin-top:20px\">\n<div class=\"wp-block-button has-custom-width wp-block-button__width-75 has-custom-font-size is-style-button-red has-14-font-size\"><a class=\"wp-block-button__link wp-element-button\" href=\"https:\/\/store.3dgence.com\/eng_m_PLA-487.html\" target=\"_blank\" rel=\"noreferrer noopener\">Buy online<\/a><\/div>\n<\/div>\n<\/div>\n<\/div>\n<\/div><\/div>\n<\/section>\n\n\n\n<div class=\"wp-block-group features-block is-layout-constrained wp-container-core-group-is-layout-a7c31ef8 wp-block-group-is-layout-constrained\" style=\"padding-right:0;padding-left:0\">\n<div class=\"wp-block-group fse-heading is-layout-constrained wp-block-group-is-layout-constrained\">\n<h2 class=\"wp-block-heading alignwide has-text-align-center has-gray-color has-text-color\" style=\"margin-bottom:0;font-size:2.81rem\">Features<\/h2>\n\n\n\n<div style=\"height:2px\" aria-hidden=\"true\" class=\"wp-block-spacer\"><\/div>\n<\/div>\n\n\n\n<div class=\"wp-block-media-text alignwide is-vertically-aligned-center is-stacked-on-mobile features-block__img-text\"><figure class=\"wp-block-media-text__media\"><img loading=\"lazy\" decoding=\"async\" width=\"1024\" height=\"587\" src=\"https:\/\/3dgence-druki.devel8.wlc.team\/wp-content\/uploads\/2024\/09\/photo_1447x830px___filaments-PLA_3DGence-1024x587.jpg\" alt=\"\" class=\"wp-image-4110 size-full\" srcset=\"https:\/\/3dgence-druki.devel8.wlc.team\/wp-content\/uploads\/2024\/09\/photo_1447x830px___filaments-PLA_3DGence-1024x587.jpg 1024w, https:\/\/3dgence-druki.devel8.wlc.team\/wp-content\/uploads\/2024\/09\/photo_1447x830px___filaments-PLA_3DGence-300x172.jpg 300w, https:\/\/3dgence-druki.devel8.wlc.team\/wp-content\/uploads\/2024\/09\/photo_1447x830px___filaments-PLA_3DGence-768x441.jpg 768w, https:\/\/3dgence-druki.devel8.wlc.team\/wp-content\/uploads\/2024\/09\/photo_1447x830px___filaments-PLA_3DGence-69x40.jpg 69w, https:\/\/3dgence-druki.devel8.wlc.team\/wp-content\/uploads\/2024\/09\/photo_1447x830px___filaments-PLA_3DGence-621x356.jpg 621w, https:\/\/3dgence-druki.devel8.wlc.team\/wp-content\/uploads\/2024\/09\/photo_1447x830px___filaments-PLA_3DGence-672x385.jpg 672w, https:\/\/3dgence-druki.devel8.wlc.team\/wp-content\/uploads\/2024\/09\/photo_1447x830px___filaments-PLA_3DGence-1009x579.jpg 1009w, https:\/\/3dgence-druki.devel8.wlc.team\/wp-content\/uploads\/2024\/09\/photo_1447x830px___filaments-PLA_3DGence.jpg 1447w\" sizes=\"auto, (max-width: 1024px) 100vw, 1024px\" \/><\/figure><div class=\"wp-block-media-text__content\">\n<p>Thanks to the low extrusion temperature, no need for heating the build plate and ease of models post-processing, PLA is one of the most popular thermoplastics used in 3D printing. Printed models have highly saturated colours and glossy surfaces. There is a wide range of PLA colors available in the 3DGence offer.&nbsp;<strong>&nbsp;<\/strong>PLA filament is cost effective and&nbsp; cheap to buy compared to other, more specialized printing materials such as polycarbonate.<\/p>\n<\/div><\/div>\n\n\n\t\t<div class=\"description-tabs\">\n\t\t\t<div class=\"description-tabs__navigation\">\n\t\t\t\t\t\t\t\t\t\t<div class=\"description-tabs__navigation-label\">\n\t\t\t\t\t\t\tPLA\t\t\t\t\t\t<\/div>\n\t\t\t\t\t\t\t\t\t<\/div>\n\t\t\t<div class=\"description-tabs__content-wrapper\">\n\t\t\t\t\t\t\t\t\t\t<div class=\"description-tabs__tab-wrapper hidden\">\n\t\t\t\t\t\t\t<div class=\"description-tabs__top-row\">\n\t\t\t\t\t\t\t\t<div class=\"description-tabs__text-wrapper\">\n\t\t\t\t\t\t\t\t\t<h3 class=\"description-tabs__content-title\">PLA<\/h3>\n\t\t\t\t\t\t\t\t\t<div class=\"description-tabs__text\">\n\t\t\t\t\t\t\t\t\t\t<p>PLA filament is not resistant to increased temperatures as well as has very limited resistance for all aggressive chemical substances.<\/p>\t\t\t\t\t\t\t\t\t<\/div>\n\t\t\t\t\t\t\t\t<\/div>\n\t\t\t\t\t\t\t\t\t\t\t\t\t\t\t\t\t<div class=\"description-tabs__product-image-wrapper\">\n\t\t\t\t\t\t\t\t\t\t<img loading=\"lazy\" decoding=\"async\" width=\"448\" height=\"367\" src=\"https:\/\/3dgence-druki.devel8.wlc.team\/wp-content\/uploads\/2024\/09\/PLA__photo_896x734px__01__3DGence-1-672x551.jpg\" class=\"description-tabs__product-image\">\n\t\t\t\t\t\t\t\t\t<\/div>\n\t\t\t\t\t\t\t\t\t\t\t\t\t\t\t\t<\/div>\n\t\t\t\t\t\t\t<div class=\"description-tabs__bottom-row\">\n\t\t\t\t\t\t\t\t\t\t\t\t\t\t\t\t\t<div class=\"description-tabs__product-chart-wrapper\">\n\t\t\t\t\t\t\t\t\t\t<img loading=\"lazy\" decoding=\"async\" width=\"673\" height=\"442\" src=\"https:\/\/3dgence-druki.devel8.wlc.team\/wp-content\/uploads\/2024\/09\/PLA___1346x884px_multi-dimensional_graph___3DGence-1009x663.png\" class=\"description-tabs__product-chart\">\n\t\t\t\t\t\t\t\t\t<\/div>\n\t\t\t\t\t\t\t\t\t\t\t\t\t\t\t\t\t<div class=\"description-tabs__table-wrapper\">\n\t\t\t\t\t\t\t\t\t<div class=\"description-tabs__row\">\n\t\t\t\t\t\t\t\t\t\t<div class=\"description-tabs__icon-wrapper\">\n\t\t\t\t\t\t\t\t\t\t\t\t\t\t\t\t\t\t\t\t\t\t\t<img loading=\"lazy\" decoding=\"async\" width=\"35\" height=\"40\" src=\"https:\/\/3dgence-druki.devel8.wlc.team\/wp-content\/themes\/3dgence\/dist\/images\/brand_ico.svg\" class=\"description-tabs__icon\">\n\t\t\t\t\t\t\t\t\t\t\t\t\t\t\t\t\t\t\t\t\t\t<\/div>\n\t\t\t\t\t\t\t\t\t\t<div class=\"description-tabs__brand-text\">\n\t\t\t\t\t\t\t\t\t\t\tBrand:\t\t\t\t\t\t\t\t\t\t<\/div>\n\t\t\t\t\t\t\t\t\t\t<div class=\"description-tabs__logo-wrapper\">\n\t\t\t\t\t\t\t\t\t\t\t\t\t\t\t\t\t\t\t\t\t\t\t<img decoding=\"async\" src=\"https:\/\/3dgence-druki.devel8.wlc.team\/wp-content\/uploads\/2023\/11\/3dlogo.svg\" class=\"description-tabs__logo\">\n\t\t\t\t\t\t\t\t\t\t\t\t\t\t\t\t\t\t\t\t\t\t<\/div>\n\t\t\t\t\t\t\t\t\t<\/div>\n\t\t\t\t\t\t\t\t\t<div class=\"description-tabs__row\">\n\t\t\t\t\t\t\t\t\t\t<div class=\"description-tabs__icon-wrapper\">\n\t\t\t\t\t\t\t\t\t\t\t\t\t\t\t\t\t\t\t\t\t\t\t<img loading=\"lazy\" decoding=\"async\" width=\"35\" height=\"40\" src=\"https:\/\/3dgence-druki.devel8.wlc.team\/wp-content\/themes\/3dgence\/dist\/images\/works_ico.svg\" class=\"description-tabs__icon\">\n\t\t\t\t\t\t\t\t\t\t\t\t\t\t\t\t\t\t\t\t\t\t<\/div>\n\t\t\t\t\t\t\t\t\t\t<div class=\"description-tabs__brand-text\">\n\t\t\t\t\t\t\t\t\t\t\tWorks with:\t\t\t\t\t\t\t\t\t\t<\/div>\n\t\t\t\t\t\t\t\t\t\t<div class=\"description-tabs__works-text\">\n\t\t\t\t\t\t\t\t\t\t\t<p><strong>INDUSTRY F421<\/strong> (module: M280)<\/p><p><strong>INDUSTRY F350<\/strong> (module: M280)<\/p>\t\t\t\t\t\t\t\t\t\t<\/div>\n\t\t\t\t\t\t\t\t\t<\/div>\n\t\t\t\t\t\t\t\t\t<div class=\"description-tabs__buttons-wrapper custom-wrapper\">\n\t\t\t\t\t\t\t\t\t\t\t\t\t\t\t\t\t\t\t\t\t<div class=\"wp-block-button is-style-button-red\">\n\t\t\t\t\t\t\t\t\t\t\t\t<div class=\"wp-block-button__link wp-element-button\">\n\t\t\t\t\t\t\t\t\t\t\t\t\t<a href=\"https:\/\/store.3dgence.com\/eng_m_PLA-487.html\" target=\"_blank\" rel=\"noreferrer noopener\">Buy now<\/a>\t\t\t\t\t\t\t\t\t\t\t\t<\/div>\n\t\t\t\t\t\t\t\t\t\t\t<\/div>\n\t\t\t\t\t\t\t\t\t\t\t\t\t\t\t\t\t\t\t\t\t\t<div class=\"wp-block-button is-style-button-grey\">\n\t\t\t\t\t\t\t\t\t\t\t\t<div class=\"wp-block-button__link wp-element-button\">\n\t\t\t\t\t\t\t\t\t\t\t\t\t<a href=\"https:\/\/3dgence-druki.devel8.wlc.team\/wp-content\/uploads\/2024\/06\/3DGence____PLA___flyer-A4___TDS___ENG.pdf\" target=\"_blank\" rel=\"noreferrer noopener\">Technical data<\/a>\t\t\t\t\t\t\t\t\t\t\t\t<\/div>\n\t\t\t\t\t\t\t\t\t\t\t<\/div>\n\t\t\t\t\t\t\t\t\t\t\t\t\t\t\t\t\t\t\t\t\t\t<div class=\"wp-block-button is-style-button-grey\">\n\t\t\t\t\t\t\t\t\t\t\t\t<div class=\"wp-block-button__link wp-element-button\">\n\t\t\t\t\t\t\t\t\t\t\t\t\t<a href=\"https:\/\/3dgence-druki.devel8.wlc.team\/wp-content\/uploads\/2024\/06\/3DGence____PLA___flyer-A4___MSDS___ENG.pdf\" target=\"_blank\" rel=\"noreferrer noopener\">Safety data sheet<\/a>\t\t\t\t\t\t\t\t\t\t\t\t<\/div>\n\t\t\t\t\t\t\t\t\t\t\t<\/div>\n\t\t\t\t\t\t\t\t\t\t\t\t\t\t\t\t\t\t\t\t<\/div>\n\t\t\t\t\t\t\t\t<\/div>\n\t\t\t\t\t\t\t<\/div>\n\t\t\t\t\t\t<\/div>\n\t\t\t\t\t\t\t\t\t<\/div>\n\t\t<\/div>\n\t\t<\/div>\n","protected":false},"excerpt":{"rendered":"<p>Features Thanks to the low extrusion temperature, no need for heating the build plate and ease of models post-processing, PLA is one of the most popular thermoplastics used in 3D printing. Printed models have highly saturated colours and glossy surfaces. There is a wide range of PLA colors available in the 3DGence offer.&nbsp;&nbsp;PLA filament is [&hellip;]<\/p>\n","protected":false},"author":4,"featured_media":4098,"parent":0,"menu_order":0,"comment_status":"closed","ping_status":"closed","template":"","meta":{"_acf_changed":false,"footnotes":""},"class_list":["post-4096","page","type-page","status-publish","has-post-thumbnail","hentry"],"acf":[],"yoast_head":"<!-- This site is optimized with the Yoast SEO plugin v25.9 - https:\/\/yoast.com\/wordpress\/plugins\/seo\/ -->\n<title>PLA Filament \u2013 Easy to Print, Biodegradable Material | 3DGence<\/title>\n<meta name=\"description\" content=\"PLA is a renewable, biodegradable filament. Easy to print, low-cost, glossy surface, minimal post-processing. Ideal for prototypes.\" \/>\n<meta name=\"robots\" content=\"noindex, follow, max-snippet:-1, max-image-preview:large, max-video-preview:-1\" \/>\n<meta property=\"og:locale\" content=\"en_GB\" \/>\n<meta property=\"og:type\" content=\"article\" \/>\n<meta property=\"og:title\" content=\"PLA Filament \u2013 Easy to Print, Biodegradable Material | 3DGence\" \/>\n<meta property=\"og:description\" content=\"PLA is a renewable, biodegradable filament. Easy to print, low-cost, glossy surface, minimal post-processing. Ideal for prototypes.\" \/>\n<meta property=\"og:url\" content=\"https:\/\/3dgence-druki.devel8.wlc.team\/en\/filament-pla\/\" \/>\n<meta property=\"og:site_name\" content=\"3DGence\" \/>\n<meta property=\"article:modified_time\" content=\"2025-05-20T11:25:31+00:00\" \/>\n<meta property=\"og:image\" content=\"https:\/\/3dgence-druki.devel8.wlc.team\/wp-content\/uploads\/2024\/09\/banner-mobile_768x768px___filaments-PLA_3DGence.jpg\" \/>\n\t<meta property=\"og:image:width\" content=\"768\" \/>\n\t<meta property=\"og:image:height\" content=\"768\" \/>\n\t<meta property=\"og:image:type\" content=\"image\/jpeg\" \/>\n<meta name=\"twitter:card\" content=\"summary_large_image\" \/>\n<meta name=\"twitter:label1\" content=\"Estimated reading time\" \/>\n\t<meta name=\"twitter:data1\" content=\"2 minutes\" \/>\n<script type=\"application\/ld+json\" class=\"yoast-schema-graph\">{\"@context\":\"https:\/\/schema.org\",\"@graph\":[{\"@type\":\"WebPage\",\"@id\":\"https:\/\/3dgence-druki.devel8.wlc.team\/en\/filament-pla\/\",\"url\":\"https:\/\/3dgence-druki.devel8.wlc.team\/en\/filament-pla\/\",\"name\":\"PLA Filament \u2013 Easy to Print, Biodegradable Material | 3DGence\",\"isPartOf\":{\"@id\":\"https:\/\/www.3dgence-druki.devel8.wlc.team\/en\/#website\"},\"primaryImageOfPage\":{\"@id\":\"https:\/\/3dgence-druki.devel8.wlc.team\/en\/filament-pla\/#primaryimage\"},\"image\":{\"@id\":\"https:\/\/3dgence-druki.devel8.wlc.team\/en\/filament-pla\/#primaryimage\"},\"thumbnailUrl\":\"https:\/\/3dgence-druki.devel8.wlc.team\/wp-content\/uploads\/2024\/09\/banner-mobile_768x768px___filaments-PLA_3DGence.jpg\",\"datePublished\":\"2025-05-20T10:12:39+00:00\",\"dateModified\":\"2025-05-20T11:25:31+00:00\",\"description\":\"PLA is a renewable, biodegradable filament. Easy to print, low-cost, glossy surface, minimal post-processing. Ideal for prototypes.\",\"breadcrumb\":{\"@id\":\"https:\/\/3dgence-druki.devel8.wlc.team\/en\/filament-pla\/#breadcrumb\"},\"inLanguage\":\"en-GB\",\"potentialAction\":[{\"@type\":\"ReadAction\",\"target\":[\"https:\/\/3dgence-druki.devel8.wlc.team\/en\/filament-pla\/\"]}]},{\"@type\":\"ImageObject\",\"inLanguage\":\"en-GB\",\"@id\":\"https:\/\/3dgence-druki.devel8.wlc.team\/en\/filament-pla\/#primaryimage\",\"url\":\"https:\/\/3dgence-druki.devel8.wlc.team\/wp-content\/uploads\/2024\/09\/banner-mobile_768x768px___filaments-PLA_3DGence.jpg\",\"contentUrl\":\"https:\/\/3dgence-druki.devel8.wlc.team\/wp-content\/uploads\/2024\/09\/banner-mobile_768x768px___filaments-PLA_3DGence.jpg\",\"width\":768,\"height\":768},{\"@type\":\"BreadcrumbList\",\"@id\":\"https:\/\/3dgence-druki.devel8.wlc.team\/en\/filament-pla\/#breadcrumb\",\"itemListElement\":[{\"@type\":\"ListItem\",\"position\":1,\"name\":\"Home\",\"item\":\"https:\/\/3dgence-druki.devel8.wlc.team\/en\/\"},{\"@type\":\"ListItem\",\"position\":2,\"name\":\"Filament &#8211; PLA\"}]},{\"@type\":\"WebSite\",\"@id\":\"https:\/\/www.3dgence-druki.devel8.wlc.team\/en\/#website\",\"url\":\"https:\/\/www.3dgence-druki.devel8.wlc.team\/en\/\",\"name\":\"3DGence\",\"description\":\"Przemys\u0142owe rozwi\u0105zania druku 3D, urz\u0105dzenia i us\u0142ugi\",\"publisher\":{\"@id\":\"https:\/\/www.3dgence-druki.devel8.wlc.team\/en\/#organization\"},\"potentialAction\":[{\"@type\":\"SearchAction\",\"target\":{\"@type\":\"EntryPoint\",\"urlTemplate\":\"https:\/\/www.3dgence-druki.devel8.wlc.team\/en\/?s={search_term_string}\"},\"query-input\":{\"@type\":\"PropertyValueSpecification\",\"valueRequired\":true,\"valueName\":\"search_term_string\"}}],\"inLanguage\":\"en-GB\"},{\"@type\":\"Organization\",\"@id\":\"https:\/\/www.3dgence-druki.devel8.wlc.team\/en\/#organization\",\"name\":\"3DGence\",\"url\":\"https:\/\/www.3dgence-druki.devel8.wlc.team\/en\/\",\"logo\":{\"@type\":\"ImageObject\",\"inLanguage\":\"en-GB\",\"@id\":\"https:\/\/www.3dgence-druki.devel8.wlc.team\/en\/#\/schema\/logo\/image\/\",\"url\":\"https:\/\/3dgence-druki.devel8.wlc.team\/wp-content\/uploads\/2024\/06\/3DGence_Service_logo.svg\",\"contentUrl\":\"https:\/\/3dgence-druki.devel8.wlc.team\/wp-content\/uploads\/2024\/06\/3DGence_Service_logo.svg\",\"caption\":\"3DGence\"},\"image\":{\"@id\":\"https:\/\/www.3dgence-druki.devel8.wlc.team\/en\/#\/schema\/logo\/image\/\"}}]}<\/script>\n<!-- \/ Yoast SEO plugin. -->","yoast_head_json":{"title":"PLA Filament \u2013 Easy to Print, Biodegradable Material | 3DGence","description":"PLA is a renewable, biodegradable filament. Easy to print, low-cost, glossy surface, minimal post-processing. Ideal for prototypes.","robots":{"index":"noindex","follow":"follow","max-snippet":"max-snippet:-1","max-image-preview":"max-image-preview:large","max-video-preview":"max-video-preview:-1"},"og_locale":"en_GB","og_type":"article","og_title":"PLA Filament \u2013 Easy to Print, Biodegradable Material | 3DGence","og_description":"PLA is a renewable, biodegradable filament. Easy to print, low-cost, glossy surface, minimal post-processing. Ideal for prototypes.","og_url":"https:\/\/3dgence-druki.devel8.wlc.team\/en\/filament-pla\/","og_site_name":"3DGence","article_modified_time":"2025-05-20T11:25:31+00:00","og_image":[{"width":768,"height":768,"url":"https:\/\/3dgence-druki.devel8.wlc.team\/wp-content\/uploads\/2024\/09\/banner-mobile_768x768px___filaments-PLA_3DGence.jpg","type":"image\/jpeg"}],"twitter_card":"summary_large_image","twitter_misc":{"Estimated reading time":"2 minutes"},"schema":{"@context":"https:\/\/schema.org","@graph":[{"@type":"WebPage","@id":"https:\/\/3dgence-druki.devel8.wlc.team\/en\/filament-pla\/","url":"https:\/\/3dgence-druki.devel8.wlc.team\/en\/filament-pla\/","name":"PLA Filament \u2013 Easy to Print, Biodegradable Material | 3DGence","isPartOf":{"@id":"https:\/\/www.3dgence-druki.devel8.wlc.team\/en\/#website"},"primaryImageOfPage":{"@id":"https:\/\/3dgence-druki.devel8.wlc.team\/en\/filament-pla\/#primaryimage"},"image":{"@id":"https:\/\/3dgence-druki.devel8.wlc.team\/en\/filament-pla\/#primaryimage"},"thumbnailUrl":"https:\/\/3dgence-druki.devel8.wlc.team\/wp-content\/uploads\/2024\/09\/banner-mobile_768x768px___filaments-PLA_3DGence.jpg","datePublished":"2025-05-20T10:12:39+00:00","dateModified":"2025-05-20T11:25:31+00:00","description":"PLA is a renewable, biodegradable filament. Easy to print, low-cost, glossy surface, minimal post-processing. Ideal for prototypes.","breadcrumb":{"@id":"https:\/\/3dgence-druki.devel8.wlc.team\/en\/filament-pla\/#breadcrumb"},"inLanguage":"en-GB","potentialAction":[{"@type":"ReadAction","target":["https:\/\/3dgence-druki.devel8.wlc.team\/en\/filament-pla\/"]}]},{"@type":"ImageObject","inLanguage":"en-GB","@id":"https:\/\/3dgence-druki.devel8.wlc.team\/en\/filament-pla\/#primaryimage","url":"https:\/\/3dgence-druki.devel8.wlc.team\/wp-content\/uploads\/2024\/09\/banner-mobile_768x768px___filaments-PLA_3DGence.jpg","contentUrl":"https:\/\/3dgence-druki.devel8.wlc.team\/wp-content\/uploads\/2024\/09\/banner-mobile_768x768px___filaments-PLA_3DGence.jpg","width":768,"height":768},{"@type":"BreadcrumbList","@id":"https:\/\/3dgence-druki.devel8.wlc.team\/en\/filament-pla\/#breadcrumb","itemListElement":[{"@type":"ListItem","position":1,"name":"Home","item":"https:\/\/3dgence-druki.devel8.wlc.team\/en\/"},{"@type":"ListItem","position":2,"name":"Filament &#8211; PLA"}]},{"@type":"WebSite","@id":"https:\/\/www.3dgence-druki.devel8.wlc.team\/en\/#website","url":"https:\/\/www.3dgence-druki.devel8.wlc.team\/en\/","name":"3DGence","description":"Przemys\u0142owe rozwi\u0105zania druku 3D, urz\u0105dzenia i us\u0142ugi","publisher":{"@id":"https:\/\/www.3dgence-druki.devel8.wlc.team\/en\/#organization"},"potentialAction":[{"@type":"SearchAction","target":{"@type":"EntryPoint","urlTemplate":"https:\/\/www.3dgence-druki.devel8.wlc.team\/en\/?s={search_term_string}"},"query-input":{"@type":"PropertyValueSpecification","valueRequired":true,"valueName":"search_term_string"}}],"inLanguage":"en-GB"},{"@type":"Organization","@id":"https:\/\/www.3dgence-druki.devel8.wlc.team\/en\/#organization","name":"3DGence","url":"https:\/\/www.3dgence-druki.devel8.wlc.team\/en\/","logo":{"@type":"ImageObject","inLanguage":"en-GB","@id":"https:\/\/www.3dgence-druki.devel8.wlc.team\/en\/#\/schema\/logo\/image\/","url":"https:\/\/3dgence-druki.devel8.wlc.team\/wp-content\/uploads\/2024\/06\/3DGence_Service_logo.svg","contentUrl":"https:\/\/3dgence-druki.devel8.wlc.team\/wp-content\/uploads\/2024\/06\/3DGence_Service_logo.svg","caption":"3DGence"},"image":{"@id":"https:\/\/www.3dgence-druki.devel8.wlc.team\/en\/#\/schema\/logo\/image\/"}}]}},"_links":{"self":[{"href":"https:\/\/3dgence-druki.devel8.wlc.team\/en\/wp-json\/wp\/v2\/pages\/4096","targetHints":{"allow":["GET"]}}],"collection":[{"href":"https:\/\/3dgence-druki.devel8.wlc.team\/en\/wp-json\/wp\/v2\/pages"}],"about":[{"href":"https:\/\/3dgence-druki.devel8.wlc.team\/en\/wp-json\/wp\/v2\/types\/page"}],"author":[{"embeddable":true,"href":"https:\/\/3dgence-druki.devel8.wlc.team\/en\/wp-json\/wp\/v2\/users\/4"}],"replies":[{"embeddable":true,"href":"https:\/\/3dgence-druki.devel8.wlc.team\/en\/wp-json\/wp\/v2\/comments?post=4096"}],"version-history":[{"count":12,"href":"https:\/\/3dgence-druki.devel8.wlc.team\/en\/wp-json\/wp\/v2\/pages\/4096\/revisions"}],"predecessor-version":[{"id":67181,"href":"https:\/\/3dgence-druki.devel8.wlc.team\/en\/wp-json\/wp\/v2\/pages\/4096\/revisions\/67181"}],"wp:featuredmedia":[{"embeddable":true,"href":"https:\/\/3dgence-druki.devel8.wlc.team\/en\/wp-json\/wp\/v2\/media\/4098"}],"wp:attachment":[{"href":"https:\/\/3dgence-druki.devel8.wlc.team\/en\/wp-json\/wp\/v2\/media?parent=4096"}],"curies":[{"name":"wp","href":"https:\/\/api.w.org\/{rel}","templated":true}]}}