{"id":4038,"date":"2025-05-20T10:12:33","date_gmt":"2025-05-20T10:12:33","guid":{"rendered":"https:\/\/3dgence-fse-docker.devel8.wlc.team\/?page_id=4038"},"modified":"2025-05-20T11:28:53","modified_gmt":"2025-05-20T11:28:53","slug":"filament-pet","status":"publish","type":"page","link":"https:\/\/3dgence-druki.devel8.wlc.team\/en\/filament-pet\/","title":{"rendered":"Filament \u2013 PET"},"content":{"rendered":"\n<section class=\"wp-block-group banner-with-mobile-background is-layout-constrained wp-block-group-is-layout-constrained\">\n<figure class=\"wp-block-image size-full mobile-image\"><img loading=\"lazy\" decoding=\"async\" width=\"768\" height=\"768\" src=\"https:\/\/3dgence-druki.devel8.wlc.team\/wp-content\/uploads\/2024\/09\/banner-mobile_768x768px___filaments-PET_3DGence.jpg\" alt=\"\" class=\"wp-image-4047\" srcset=\"https:\/\/3dgence-druki.devel8.wlc.team\/wp-content\/uploads\/2024\/09\/banner-mobile_768x768px___filaments-PET_3DGence.jpg 768w, https:\/\/3dgence-druki.devel8.wlc.team\/wp-content\/uploads\/2024\/09\/banner-mobile_768x768px___filaments-PET_3DGence-300x300.jpg 300w, https:\/\/3dgence-druki.devel8.wlc.team\/wp-content\/uploads\/2024\/09\/banner-mobile_768x768px___filaments-PET_3DGence-150x150.jpg 150w, https:\/\/3dgence-druki.devel8.wlc.team\/wp-content\/uploads\/2024\/09\/banner-mobile_768x768px___filaments-PET_3DGence-69x69.jpg 69w, https:\/\/3dgence-druki.devel8.wlc.team\/wp-content\/uploads\/2024\/09\/banner-mobile_768x768px___filaments-PET_3DGence-621x621.jpg 621w, https:\/\/3dgence-druki.devel8.wlc.team\/wp-content\/uploads\/2024\/09\/banner-mobile_768x768px___filaments-PET_3DGence-672x672.jpg 672w, https:\/\/3dgence-druki.devel8.wlc.team\/wp-content\/uploads\/2024\/09\/banner-mobile_768x768px___filaments-PET_3DGence-663x663.jpg 663w\" sizes=\"auto, (max-width: 768px) 100vw, 768px\" \/><\/figure>\n\n\n\n<div class=\"wp-block-cover alignfull is-light\"><span aria-hidden=\"true\" class=\"wp-block-cover__background has-background-dim-0 has-background-dim\" style=\"background-color:#cfd0ce\"><\/span><img loading=\"lazy\" decoding=\"async\" width=\"1920\" height=\"630\" class=\"wp-block-cover__image-background wp-image-4042\" alt=\"\" src=\"https:\/\/3dgence-druki.devel8.wlc.team\/wp-content\/uploads\/2024\/09\/banner-desktop_1920x630px___filaments-PET_3DGence.jpg\" data-object-fit=\"cover\" srcset=\"https:\/\/3dgence-druki.devel8.wlc.team\/wp-content\/uploads\/2024\/09\/banner-desktop_1920x630px___filaments-PET_3DGence.jpg 1920w, https:\/\/3dgence-druki.devel8.wlc.team\/wp-content\/uploads\/2024\/09\/banner-desktop_1920x630px___filaments-PET_3DGence-300x98.jpg 300w, https:\/\/3dgence-druki.devel8.wlc.team\/wp-content\/uploads\/2024\/09\/banner-desktop_1920x630px___filaments-PET_3DGence-1024x336.jpg 1024w, https:\/\/3dgence-druki.devel8.wlc.team\/wp-content\/uploads\/2024\/09\/banner-desktop_1920x630px___filaments-PET_3DGence-768x252.jpg 768w, https:\/\/3dgence-druki.devel8.wlc.team\/wp-content\/uploads\/2024\/09\/banner-desktop_1920x630px___filaments-PET_3DGence-1536x504.jpg 1536w, https:\/\/3dgence-druki.devel8.wlc.team\/wp-content\/uploads\/2024\/09\/banner-desktop_1920x630px___filaments-PET_3DGence-69x23.jpg 69w, https:\/\/3dgence-druki.devel8.wlc.team\/wp-content\/uploads\/2024\/09\/banner-desktop_1920x630px___filaments-PET_3DGence-621x204.jpg 621w, https:\/\/3dgence-druki.devel8.wlc.team\/wp-content\/uploads\/2024\/09\/banner-desktop_1920x630px___filaments-PET_3DGence-672x221.jpg 672w, https:\/\/3dgence-druki.devel8.wlc.team\/wp-content\/uploads\/2024\/09\/banner-desktop_1920x630px___filaments-PET_3DGence-1009x331.jpg 1009w\" sizes=\"auto, (max-width: 1920px) 100vw, 1920px\" \/><div class=\"wp-block-cover__inner-container is-layout-constrained wp-block-cover-is-layout-constrained\">\n<div class=\"wp-block-group mobile-background has-very-light-gray-background-color has-background is-layout-flow wp-block-group-is-layout-flow\">\n<div class=\"wp-block-group content-wrapper is-layout-flow wp-block-group-is-layout-flow\">\n<h2 class=\"wp-block-heading\" style=\"margin-top:30px;font-size:70px\">PET<\/h2>\n\n\n\n<p style=\"padding-right:30px\">Ultrafuse\u00ae PET 1.75 mm is high-quality filament. PET ensures high resistance to mechanical, chemical, and atmospheric factors, and it\u2019s high amorphy combined with a very good flow allows obtaining prints with freater transparency and better layer bonding.<\/p>\n\n\n\n<div class=\"wp-block-buttons has-custom-font-size has-14-font-size is-horizontal is-content-justification-left is-nowrap is-layout-flex wp-container-core-buttons-is-layout-7ef95ccd wp-block-buttons-is-layout-flex\" style=\"margin-top:20px\">\n<div class=\"wp-block-button has-custom-width wp-block-button__width-75 has-custom-font-size is-style-button-red has-14-font-size\"><a class=\"wp-block-button__link wp-element-button\" href=\"https:\/\/store.3dgence.com\/eng_m_PET-500.html\" target=\"_blank\" rel=\"noreferrer noopener\">Buy online<\/a><\/div>\n<\/div>\n<\/div>\n<\/div>\n<\/div><\/div>\n<\/section>\n\n\n\n<div class=\"wp-block-group features-block is-layout-constrained wp-container-core-group-is-layout-a7c31ef8 wp-block-group-is-layout-constrained\" style=\"padding-right:0;padding-left:0\">\n<div class=\"wp-block-group fse-heading is-layout-constrained wp-block-group-is-layout-constrained\">\n<h2 class=\"wp-block-heading alignwide has-text-align-center has-gray-color has-text-color\" style=\"margin-bottom:0;font-size:2.81rem\">Features<\/h2>\n\n\n\n<div style=\"height:2px\" aria-hidden=\"true\" class=\"wp-block-spacer\"><\/div>\n<\/div>\n\n\n\n<div class=\"wp-block-media-text alignwide is-vertically-aligned-center is-stacked-on-mobile features-block__img-text\"><figure class=\"wp-block-media-text__media\"><img loading=\"lazy\" decoding=\"async\" width=\"1024\" height=\"587\" src=\"https:\/\/3dgence-druki.devel8.wlc.team\/wp-content\/uploads\/2024\/09\/photo_1447x830px___filaments-PET_3DGence-1024x587.jpg\" alt=\"\" class=\"wp-image-4053 size-full\" srcset=\"https:\/\/3dgence-druki.devel8.wlc.team\/wp-content\/uploads\/2024\/09\/photo_1447x830px___filaments-PET_3DGence-1024x587.jpg 1024w, https:\/\/3dgence-druki.devel8.wlc.team\/wp-content\/uploads\/2024\/09\/photo_1447x830px___filaments-PET_3DGence-300x172.jpg 300w, https:\/\/3dgence-druki.devel8.wlc.team\/wp-content\/uploads\/2024\/09\/photo_1447x830px___filaments-PET_3DGence-768x441.jpg 768w, https:\/\/3dgence-druki.devel8.wlc.team\/wp-content\/uploads\/2024\/09\/photo_1447x830px___filaments-PET_3DGence-69x40.jpg 69w, https:\/\/3dgence-druki.devel8.wlc.team\/wp-content\/uploads\/2024\/09\/photo_1447x830px___filaments-PET_3DGence-621x356.jpg 621w, https:\/\/3dgence-druki.devel8.wlc.team\/wp-content\/uploads\/2024\/09\/photo_1447x830px___filaments-PET_3DGence-672x385.jpg 672w, https:\/\/3dgence-druki.devel8.wlc.team\/wp-content\/uploads\/2024\/09\/photo_1447x830px___filaments-PET_3DGence-1009x579.jpg 1009w, https:\/\/3dgence-druki.devel8.wlc.team\/wp-content\/uploads\/2024\/09\/photo_1447x830px___filaments-PET_3DGence.jpg 1447w\" sizes=\"auto, (max-width: 1024px) 100vw, 1024px\" \/><\/figure><div class=\"wp-block-media-text__content\">\n<p>Ultrafuse\u00ae PET prints as easy as PLA but is much stronger. PET gives outstanding printing results: a good layer adhesion, a high resolution and it is easy to handle. It has a natural transparent, smooth look. Ultrafuse PET can be 100% recycled.<\/p>\n<\/div><\/div>\n\n\n\t\t<div class=\"description-tabs\">\n\t\t\t<div class=\"description-tabs__navigation\">\n\t\t\t\t\t\t\t\t\t\t<div class=\"description-tabs__navigation-label\">\n\t\t\t\t\t\t\tPET\t\t\t\t\t\t<\/div>\n\t\t\t\t\t\t\t\t\t<\/div>\n\t\t\t<div class=\"description-tabs__content-wrapper\">\n\t\t\t\t\t\t\t\t\t\t<div class=\"description-tabs__tab-wrapper hidden\">\n\t\t\t\t\t\t\t<div class=\"description-tabs__top-row\">\n\t\t\t\t\t\t\t\t<div class=\"description-tabs__text-wrapper\">\n\t\t\t\t\t\t\t\t\t<h3 class=\"description-tabs__content-title\">PET<\/h3>\n\t\t\t\t\t\t\t\t\t<div class=\"description-tabs__text\">\n\t\t\t\t\t\t\t\t\t\t<p>PET, or polyethylene terephthalate, is a type of plastic commonly used in 3D printing. PET is known for its strength, flexibility, and durability, which make it well-suited for a wide range of applications.\u00a0<\/p><p>1. Prototyping: PET filament is often used to create prototypes of parts and products, allowing designers and engineers to quickly and inexpensively test different designs and concepts.<br>2. Manufacturing: PET filament can be used in the production of small plastic parts and components, such as gears, bearings, and other mechanical parts.<br>3. Industrial: PET filament is often used in industrial settings for the creation of custom tools and fixtures, as well as for the repair or replacement of broken or worn parts.<\/p><p>Overall, PET filament is a versatile and reliable material that is widely used in a variety of applications, including prototyping, manufacturing, education, and the production of consumer products.<\/p>\t\t\t\t\t\t\t\t\t<\/div>\n\t\t\t\t\t\t\t\t<\/div>\n\t\t\t\t\t\t\t\t\t\t\t\t\t\t\t\t\t<div class=\"description-tabs__product-image-wrapper\">\n\t\t\t\t\t\t\t\t\t\t<img loading=\"lazy\" decoding=\"async\" width=\"448\" height=\"367\" src=\"https:\/\/3dgence-druki.devel8.wlc.team\/wp-content\/uploads\/2024\/09\/PET__photo_896x734px__01__3DGence-672x551.jpg\" class=\"description-tabs__product-image\">\n\t\t\t\t\t\t\t\t\t<\/div>\n\t\t\t\t\t\t\t\t\t\t\t\t\t\t\t\t<\/div>\n\t\t\t\t\t\t\t<div class=\"description-tabs__bottom-row\">\n\t\t\t\t\t\t\t\t\t\t\t\t\t\t\t\t\t<div class=\"description-tabs__product-chart-wrapper\">\n\t\t\t\t\t\t\t\t\t\t<img loading=\"lazy\" decoding=\"async\" width=\"673\" height=\"442\" src=\"https:\/\/3dgence-druki.devel8.wlc.team\/wp-content\/uploads\/2024\/09\/PET___1346x884px_multi-dimensional_graph___3DGence-1009x663.png\" class=\"description-tabs__product-chart\">\n\t\t\t\t\t\t\t\t\t<\/div>\n\t\t\t\t\t\t\t\t\t\t\t\t\t\t\t\t\t<div class=\"description-tabs__table-wrapper\">\n\t\t\t\t\t\t\t\t\t<div class=\"description-tabs__row\">\n\t\t\t\t\t\t\t\t\t\t<div class=\"description-tabs__icon-wrapper\">\n\t\t\t\t\t\t\t\t\t\t\t\t\t\t\t\t\t\t\t\t\t\t\t<img loading=\"lazy\" decoding=\"async\" width=\"35\" height=\"40\" src=\"https:\/\/3dgence-druki.devel8.wlc.team\/wp-content\/themes\/3dgence\/dist\/images\/brand_ico.svg\" class=\"description-tabs__icon\">\n\t\t\t\t\t\t\t\t\t\t\t\t\t\t\t\t\t\t\t\t\t\t<\/div>\n\t\t\t\t\t\t\t\t\t\t<div class=\"description-tabs__brand-text\">\n\t\t\t\t\t\t\t\t\t\t\tBrand:\t\t\t\t\t\t\t\t\t\t<\/div>\n\t\t\t\t\t\t\t\t\t\t<div class=\"description-tabs__logo-wrapper\">\n\t\t\t\t\t\t\t\t\t\t\t\t\t\t\t\t\t\t\t\t\t\t\t<img decoding=\"async\" src=\"https:\/\/3dgence-druki.devel8.wlc.team\/wp-content\/uploads\/2024\/09\/basf_logo-1.svg\" class=\"description-tabs__logo\">\n\t\t\t\t\t\t\t\t\t\t\t\t\t\t\t\t\t\t\t\t\t\t<\/div>\n\t\t\t\t\t\t\t\t\t<\/div>\n\t\t\t\t\t\t\t\t\t<div class=\"description-tabs__row\">\n\t\t\t\t\t\t\t\t\t\t<div class=\"description-tabs__icon-wrapper\">\n\t\t\t\t\t\t\t\t\t\t\t\t\t\t\t\t\t\t\t\t\t\t\t<img loading=\"lazy\" decoding=\"async\" width=\"35\" height=\"40\" src=\"https:\/\/3dgence-druki.devel8.wlc.team\/wp-content\/themes\/3dgence\/dist\/images\/works_ico.svg\" class=\"description-tabs__icon\">\n\t\t\t\t\t\t\t\t\t\t\t\t\t\t\t\t\t\t\t\t\t\t<\/div>\n\t\t\t\t\t\t\t\t\t\t<div class=\"description-tabs__brand-text\">\n\t\t\t\t\t\t\t\t\t\t\tWorks with:\t\t\t\t\t\t\t\t\t\t<\/div>\n\t\t\t\t\t\t\t\t\t\t<div class=\"description-tabs__works-text\">\n\t\t\t\t\t\t\t\t\t\t\t<p><strong>INDUSTRY F421<\/strong> (module: M280)<\/p><p><strong>INDUSTRY F350<\/strong> (module: M280)<\/p>\t\t\t\t\t\t\t\t\t\t<\/div>\n\t\t\t\t\t\t\t\t\t<\/div>\n\t\t\t\t\t\t\t\t\t<div class=\"description-tabs__buttons-wrapper custom-wrapper\">\n\t\t\t\t\t\t\t\t\t\t\t\t\t\t\t\t\t\t\t\t\t<div class=\"wp-block-button is-style-button-red\">\n\t\t\t\t\t\t\t\t\t\t\t\t<div class=\"wp-block-button__link wp-element-button\">\n\t\t\t\t\t\t\t\t\t\t\t\t\t<a href=\"https:\/\/store.3dgence.com\/eng_m_PET-500.html\" target=\"_blank\" rel=\"noreferrer noopener\">Buy now<\/a>\t\t\t\t\t\t\t\t\t\t\t\t<\/div>\n\t\t\t\t\t\t\t\t\t\t\t<\/div>\n\t\t\t\t\t\t\t\t\t\t\t\t\t\t\t\t\t\t\t\t\t\t<div class=\"wp-block-button is-style-button-grey\">\n\t\t\t\t\t\t\t\t\t\t\t\t<div class=\"wp-block-button__link wp-element-button\">\n\t\t\t\t\t\t\t\t\t\t\t\t\t<a href=\"https:\/\/3dgence-druki.devel8.wlc.team\/wp-content\/uploads\/2024\/06\/3DGence_BASF____PET___flyer-A4___TDS___ENG.pdf\" target=\"_blank\" rel=\"noreferrer noopener\">Technical data<\/a>\t\t\t\t\t\t\t\t\t\t\t\t<\/div>\n\t\t\t\t\t\t\t\t\t\t\t<\/div>\n\t\t\t\t\t\t\t\t\t\t\t\t\t\t\t\t\t\t\t\t\t\t<div class=\"wp-block-button is-style-button-grey\">\n\t\t\t\t\t\t\t\t\t\t\t\t<div class=\"wp-block-button__link wp-element-button\">\n\t\t\t\t\t\t\t\t\t\t\t\t\t<a href=\"https:\/\/3dgence-druki.devel8.wlc.team\/wp-content\/uploads\/2024\/06\/3DGence_BASF____PET___flyer-A4___MSDS___ENG.pdf\" target=\"_blank\" rel=\"noreferrer noopener\">Safety data sheet<\/a>\t\t\t\t\t\t\t\t\t\t\t\t<\/div>\n\t\t\t\t\t\t\t\t\t\t\t<\/div>\n\t\t\t\t\t\t\t\t\t\t\t\t\t\t\t\t\t\t\t\t<\/div>\n\t\t\t\t\t\t\t\t<\/div>\n\t\t\t\t\t\t\t<\/div>\n\t\t\t\t\t\t<\/div>\n\t\t\t\t\t\t\t\t\t<\/div>\n\t\t<\/div>\n\t\t<\/div>\n","protected":false},"excerpt":{"rendered":"<p>Features Ultrafuse\u00ae PET prints as easy as PLA but is much stronger. PET gives outstanding printing results: a good layer adhesion, a high resolution and it is easy to handle. It has a natural transparent, smooth look. Ultrafuse PET can be 100% recycled.<\/p>\n","protected":false},"author":4,"featured_media":4047,"parent":0,"menu_order":0,"comment_status":"closed","ping_status":"closed","template":"","meta":{"_acf_changed":false,"footnotes":""},"class_list":["post-4038","page","type-page","status-publish","has-post-thumbnail","hentry"],"acf":[],"yoast_head":"<!-- This site is optimized with the Yoast SEO plugin v25.9 - https:\/\/yoast.com\/wordpress\/plugins\/seo\/ -->\n<title>PET Filament \u2013 Strong, Recyclable &amp; Versatile Material | 3DGence<\/title>\n<meta name=\"description\" content=\"Strong, flexible, recyclable PET filament. Easy to print and durable. Ideal for prototypes, transparent parts, and everyday technical use.\" \/>\n<meta name=\"robots\" content=\"noindex, follow, max-snippet:-1, max-image-preview:large, max-video-preview:-1\" \/>\n<meta property=\"og:locale\" content=\"en_GB\" \/>\n<meta property=\"og:type\" content=\"article\" \/>\n<meta property=\"og:title\" content=\"PET Filament \u2013 Strong, Recyclable &amp; Versatile Material | 3DGence\" \/>\n<meta property=\"og:description\" content=\"Strong, flexible, recyclable PET filament. Easy to print and durable. Ideal for prototypes, transparent parts, and everyday technical use.\" \/>\n<meta property=\"og:url\" content=\"https:\/\/3dgence-druki.devel8.wlc.team\/en\/filament-pet\/\" \/>\n<meta property=\"og:site_name\" content=\"3DGence\" \/>\n<meta property=\"article:modified_time\" content=\"2025-05-20T11:28:53+00:00\" \/>\n<meta property=\"og:image\" content=\"https:\/\/3dgence-druki.devel8.wlc.team\/wp-content\/uploads\/2024\/09\/banner-mobile_768x768px___filaments-PET_3DGence.jpg\" \/>\n\t<meta property=\"og:image:width\" content=\"768\" \/>\n\t<meta property=\"og:image:height\" content=\"768\" \/>\n\t<meta property=\"og:image:type\" content=\"image\/jpeg\" \/>\n<meta name=\"twitter:card\" content=\"summary_large_image\" \/>\n<meta name=\"twitter:label1\" content=\"Estimated reading time\" \/>\n\t<meta name=\"twitter:data1\" content=\"2 minutes\" \/>\n<script type=\"application\/ld+json\" class=\"yoast-schema-graph\">{\"@context\":\"https:\/\/schema.org\",\"@graph\":[{\"@type\":\"WebPage\",\"@id\":\"https:\/\/3dgence-druki.devel8.wlc.team\/en\/filament-pet\/\",\"url\":\"https:\/\/3dgence-druki.devel8.wlc.team\/en\/filament-pet\/\",\"name\":\"PET Filament \u2013 Strong, Recyclable & Versatile Material | 3DGence\",\"isPartOf\":{\"@id\":\"https:\/\/www.3dgence-druki.devel8.wlc.team\/en\/#website\"},\"primaryImageOfPage\":{\"@id\":\"https:\/\/3dgence-druki.devel8.wlc.team\/en\/filament-pet\/#primaryimage\"},\"image\":{\"@id\":\"https:\/\/3dgence-druki.devel8.wlc.team\/en\/filament-pet\/#primaryimage\"},\"thumbnailUrl\":\"https:\/\/3dgence-druki.devel8.wlc.team\/wp-content\/uploads\/2024\/09\/banner-mobile_768x768px___filaments-PET_3DGence.jpg\",\"datePublished\":\"2025-05-20T10:12:33+00:00\",\"dateModified\":\"2025-05-20T11:28:53+00:00\",\"description\":\"Strong, flexible, recyclable PET filament. Easy to print and durable. Ideal for prototypes, transparent parts, and everyday technical use.\",\"breadcrumb\":{\"@id\":\"https:\/\/3dgence-druki.devel8.wlc.team\/en\/filament-pet\/#breadcrumb\"},\"inLanguage\":\"en-GB\",\"potentialAction\":[{\"@type\":\"ReadAction\",\"target\":[\"https:\/\/3dgence-druki.devel8.wlc.team\/en\/filament-pet\/\"]}]},{\"@type\":\"ImageObject\",\"inLanguage\":\"en-GB\",\"@id\":\"https:\/\/3dgence-druki.devel8.wlc.team\/en\/filament-pet\/#primaryimage\",\"url\":\"https:\/\/3dgence-druki.devel8.wlc.team\/wp-content\/uploads\/2024\/09\/banner-mobile_768x768px___filaments-PET_3DGence.jpg\",\"contentUrl\":\"https:\/\/3dgence-druki.devel8.wlc.team\/wp-content\/uploads\/2024\/09\/banner-mobile_768x768px___filaments-PET_3DGence.jpg\",\"width\":768,\"height\":768},{\"@type\":\"BreadcrumbList\",\"@id\":\"https:\/\/3dgence-druki.devel8.wlc.team\/en\/filament-pet\/#breadcrumb\",\"itemListElement\":[{\"@type\":\"ListItem\",\"position\":1,\"name\":\"Home\",\"item\":\"https:\/\/3dgence-druki.devel8.wlc.team\/en\/\"},{\"@type\":\"ListItem\",\"position\":2,\"name\":\"Filament \u2013 PET\"}]},{\"@type\":\"WebSite\",\"@id\":\"https:\/\/www.3dgence-druki.devel8.wlc.team\/en\/#website\",\"url\":\"https:\/\/www.3dgence-druki.devel8.wlc.team\/en\/\",\"name\":\"3DGence\",\"description\":\"Przemys\u0142owe rozwi\u0105zania druku 3D, urz\u0105dzenia i us\u0142ugi\",\"publisher\":{\"@id\":\"https:\/\/www.3dgence-druki.devel8.wlc.team\/en\/#organization\"},\"potentialAction\":[{\"@type\":\"SearchAction\",\"target\":{\"@type\":\"EntryPoint\",\"urlTemplate\":\"https:\/\/www.3dgence-druki.devel8.wlc.team\/en\/?s={search_term_string}\"},\"query-input\":{\"@type\":\"PropertyValueSpecification\",\"valueRequired\":true,\"valueName\":\"search_term_string\"}}],\"inLanguage\":\"en-GB\"},{\"@type\":\"Organization\",\"@id\":\"https:\/\/www.3dgence-druki.devel8.wlc.team\/en\/#organization\",\"name\":\"3DGence\",\"url\":\"https:\/\/www.3dgence-druki.devel8.wlc.team\/en\/\",\"logo\":{\"@type\":\"ImageObject\",\"inLanguage\":\"en-GB\",\"@id\":\"https:\/\/www.3dgence-druki.devel8.wlc.team\/en\/#\/schema\/logo\/image\/\",\"url\":\"https:\/\/3dgence-druki.devel8.wlc.team\/wp-content\/uploads\/2024\/06\/3DGence_Service_logo.svg\",\"contentUrl\":\"https:\/\/3dgence-druki.devel8.wlc.team\/wp-content\/uploads\/2024\/06\/3DGence_Service_logo.svg\",\"caption\":\"3DGence\"},\"image\":{\"@id\":\"https:\/\/www.3dgence-druki.devel8.wlc.team\/en\/#\/schema\/logo\/image\/\"}}]}<\/script>\n<!-- \/ Yoast SEO plugin. -->","yoast_head_json":{"title":"PET Filament \u2013 Strong, Recyclable & Versatile Material | 3DGence","description":"Strong, flexible, recyclable PET filament. Easy to print and durable. Ideal for prototypes, transparent parts, and everyday technical use.","robots":{"index":"noindex","follow":"follow","max-snippet":"max-snippet:-1","max-image-preview":"max-image-preview:large","max-video-preview":"max-video-preview:-1"},"og_locale":"en_GB","og_type":"article","og_title":"PET Filament \u2013 Strong, Recyclable & Versatile Material | 3DGence","og_description":"Strong, flexible, recyclable PET filament. Easy to print and durable. Ideal for prototypes, transparent parts, and everyday technical use.","og_url":"https:\/\/3dgence-druki.devel8.wlc.team\/en\/filament-pet\/","og_site_name":"3DGence","article_modified_time":"2025-05-20T11:28:53+00:00","og_image":[{"width":768,"height":768,"url":"https:\/\/3dgence-druki.devel8.wlc.team\/wp-content\/uploads\/2024\/09\/banner-mobile_768x768px___filaments-PET_3DGence.jpg","type":"image\/jpeg"}],"twitter_card":"summary_large_image","twitter_misc":{"Estimated reading time":"2 minutes"},"schema":{"@context":"https:\/\/schema.org","@graph":[{"@type":"WebPage","@id":"https:\/\/3dgence-druki.devel8.wlc.team\/en\/filament-pet\/","url":"https:\/\/3dgence-druki.devel8.wlc.team\/en\/filament-pet\/","name":"PET Filament \u2013 Strong, Recyclable & Versatile Material | 3DGence","isPartOf":{"@id":"https:\/\/www.3dgence-druki.devel8.wlc.team\/en\/#website"},"primaryImageOfPage":{"@id":"https:\/\/3dgence-druki.devel8.wlc.team\/en\/filament-pet\/#primaryimage"},"image":{"@id":"https:\/\/3dgence-druki.devel8.wlc.team\/en\/filament-pet\/#primaryimage"},"thumbnailUrl":"https:\/\/3dgence-druki.devel8.wlc.team\/wp-content\/uploads\/2024\/09\/banner-mobile_768x768px___filaments-PET_3DGence.jpg","datePublished":"2025-05-20T10:12:33+00:00","dateModified":"2025-05-20T11:28:53+00:00","description":"Strong, flexible, recyclable PET filament. Easy to print and durable. Ideal for prototypes, transparent parts, and everyday technical use.","breadcrumb":{"@id":"https:\/\/3dgence-druki.devel8.wlc.team\/en\/filament-pet\/#breadcrumb"},"inLanguage":"en-GB","potentialAction":[{"@type":"ReadAction","target":["https:\/\/3dgence-druki.devel8.wlc.team\/en\/filament-pet\/"]}]},{"@type":"ImageObject","inLanguage":"en-GB","@id":"https:\/\/3dgence-druki.devel8.wlc.team\/en\/filament-pet\/#primaryimage","url":"https:\/\/3dgence-druki.devel8.wlc.team\/wp-content\/uploads\/2024\/09\/banner-mobile_768x768px___filaments-PET_3DGence.jpg","contentUrl":"https:\/\/3dgence-druki.devel8.wlc.team\/wp-content\/uploads\/2024\/09\/banner-mobile_768x768px___filaments-PET_3DGence.jpg","width":768,"height":768},{"@type":"BreadcrumbList","@id":"https:\/\/3dgence-druki.devel8.wlc.team\/en\/filament-pet\/#breadcrumb","itemListElement":[{"@type":"ListItem","position":1,"name":"Home","item":"https:\/\/3dgence-druki.devel8.wlc.team\/en\/"},{"@type":"ListItem","position":2,"name":"Filament \u2013 PET"}]},{"@type":"WebSite","@id":"https:\/\/www.3dgence-druki.devel8.wlc.team\/en\/#website","url":"https:\/\/www.3dgence-druki.devel8.wlc.team\/en\/","name":"3DGence","description":"Przemys\u0142owe rozwi\u0105zania druku 3D, urz\u0105dzenia i us\u0142ugi","publisher":{"@id":"https:\/\/www.3dgence-druki.devel8.wlc.team\/en\/#organization"},"potentialAction":[{"@type":"SearchAction","target":{"@type":"EntryPoint","urlTemplate":"https:\/\/www.3dgence-druki.devel8.wlc.team\/en\/?s={search_term_string}"},"query-input":{"@type":"PropertyValueSpecification","valueRequired":true,"valueName":"search_term_string"}}],"inLanguage":"en-GB"},{"@type":"Organization","@id":"https:\/\/www.3dgence-druki.devel8.wlc.team\/en\/#organization","name":"3DGence","url":"https:\/\/www.3dgence-druki.devel8.wlc.team\/en\/","logo":{"@type":"ImageObject","inLanguage":"en-GB","@id":"https:\/\/www.3dgence-druki.devel8.wlc.team\/en\/#\/schema\/logo\/image\/","url":"https:\/\/3dgence-druki.devel8.wlc.team\/wp-content\/uploads\/2024\/06\/3DGence_Service_logo.svg","contentUrl":"https:\/\/3dgence-druki.devel8.wlc.team\/wp-content\/uploads\/2024\/06\/3DGence_Service_logo.svg","caption":"3DGence"},"image":{"@id":"https:\/\/www.3dgence-druki.devel8.wlc.team\/en\/#\/schema\/logo\/image\/"}}]}},"_links":{"self":[{"href":"https:\/\/3dgence-druki.devel8.wlc.team\/en\/wp-json\/wp\/v2\/pages\/4038","targetHints":{"allow":["GET"]}}],"collection":[{"href":"https:\/\/3dgence-druki.devel8.wlc.team\/en\/wp-json\/wp\/v2\/pages"}],"about":[{"href":"https:\/\/3dgence-druki.devel8.wlc.team\/en\/wp-json\/wp\/v2\/types\/page"}],"author":[{"embeddable":true,"href":"https:\/\/3dgence-druki.devel8.wlc.team\/en\/wp-json\/wp\/v2\/users\/4"}],"replies":[{"embeddable":true,"href":"https:\/\/3dgence-druki.devel8.wlc.team\/en\/wp-json\/wp\/v2\/comments?post=4038"}],"version-history":[{"count":9,"href":"https:\/\/3dgence-druki.devel8.wlc.team\/en\/wp-json\/wp\/v2\/pages\/4038\/revisions"}],"predecessor-version":[{"id":67183,"href":"https:\/\/3dgence-druki.devel8.wlc.team\/en\/wp-json\/wp\/v2\/pages\/4038\/revisions\/67183"}],"wp:featuredmedia":[{"embeddable":true,"href":"https:\/\/3dgence-druki.devel8.wlc.team\/en\/wp-json\/wp\/v2\/media\/4047"}],"wp:attachment":[{"href":"https:\/\/3dgence-druki.devel8.wlc.team\/en\/wp-json\/wp\/v2\/media?parent=4038"}],"curies":[{"name":"wp","href":"https:\/\/api.w.org\/{rel}","templated":true}]}}