{"id":69960,"date":"2025-03-27T06:28:01","date_gmt":"2025-03-27T06:28:01","guid":{"rendered":"https:\/\/3dgence-fse-docker.devel8.wlc.team\/?page_id=69960"},"modified":"2025-09-29T09:42:39","modified_gmt":"2025-09-29T09:42:39","slug":"homepage","status":"publish","type":"page","link":"https:\/\/3dgence-druki.devel8.wlc.team\/de\/","title":{"rendered":"Homepage DE"},"content":{"rendered":"\n<section class=\"wp-block-group hero-main is-layout-flow wp-block-group-is-layout-flow\">\n<div class=\"wp-block-group hero-main__background is-layout-constrained wp-container-core-group-is-layout-a7c31ef8 wp-block-group-is-layout-constrained\" style=\"padding-right:0;padding-left:0\">\n<figure class=\"wp-block-video alignfull\"><video autoplay loop muted poster=\"\/wp-content\/uploads\/2025\/09\/IIndustrial-3D-Is-Our-Business\u2122-mp4-image.jpg\" src=\"\/wp-content\/uploads\/2025\/09\/IIndustrial-3D-Is-Our-Business\u2122.mp4\" playsinline><\/video><\/figure>\n<\/div>\n\n\n\n<div class=\"wp-block-group hero-main-wrapper is-layout-constrained wp-block-group-is-layout-constrained\">\n<div class=\"wp-block-group inner-wrapper is-layout-constrained wp-block-group-is-layout-constrained\">\n<h1 class=\"wp-block-heading\">Industrial 3D Is Our Business\u2122<\/h1>\n\n\n\n<p>Become a leader in your sector \u2013 grow your business faster by using 3D printing technology for industrial applications.<\/p>\n\n\n\n<div class=\"wp-block-buttons is-layout-flex wp-block-buttons-is-layout-flex\">\n<div class=\"wp-block-button is-style-button-red\"><a class=\"wp-block-button__link wp-element-button\">FFF 3D Printers<\/a><\/div>\n\n\n\n<div class=\"wp-block-button is-style-outline is-style-outline--1\"><a class=\"wp-block-button__link wp-element-button\">3D Services<\/a><\/div>\n<\/div>\n\n\n\n<div class=\"wp-block-buttons button-tiles is-layout-flex wp-block-buttons-is-layout-flex\">\n<div class=\"wp-block-button\"><a class=\"wp-block-button__link wp-element-button\" href=\"\/de\/home-3d-printing-for-aerospace\/\"><img decoding=\"async\" class=\"wp-image-1766\" style=\"width: 2.875rem;\" src=\"\/wp-content\/uploads\/2025\/03\/home__aerospace_white_ico.svg\" alt=\"\">Luft- und Raumfahrt<\/a><\/div>\n\n\n\n<div class=\"wp-block-button\"><a class=\"wp-block-button__link wp-element-button\" href=\"\/de\/home-3d-printing-for-consumer-products\/\"><img decoding=\"async\" class=\"wp-image-1776\" style=\"width: 2.875rem;\" src=\"\/wp-content\/uploads\/2025\/03\/home__consumer_products_white_ico.svg\" alt=\"\">Konsumg\u00fcterindustrie<\/a><\/div>\n\n\n\n<div class=\"wp-block-button\"><a class=\"wp-block-button__link wp-element-button\" href=\"\/de\/home-3d-printing-for-automotive\/\"><img decoding=\"async\" class=\"wp-image-1771\" style=\"width: 2.875rem;\" src=\"\/wp-content\/uploads\/2025\/03\/home__automotive_white_ico.svg\" alt=\"\">Automobilindustrie<\/a><\/div>\n\n\n\n<div class=\"wp-block-button\"><a class=\"wp-block-button__link wp-element-button\" href=\"\/de\/home-3d-printing-for-manufacturing-services\/\"><img decoding=\"async\" class=\"wp-image-1781\" style=\"width: 2.875rem;\" src=\"\/wp-content\/uploads\/2025\/03\/home__manuf_cust_white_ico.svg\" alt=\"\">Fertigungsdienstleistungen<\/a><\/div>\n\n\n\n<div class=\"wp-block-button\"><a class=\"wp-block-button__link wp-element-button\"><img decoding=\"async\" class=\"wp-image-1786\" style=\"width: 2.875rem;\" src=\"\/wp-content\/uploads\/2025\/03\/home__medical_white_ico.svg\" alt=\"\">MEDIZINISCH<\/a><\/div>\n<\/div>\n<\/div>\n<\/div>\n<\/section>\n\n\n\n<section class=\"wp-block-group alignfull text-and-full-width-image is-layout-flow wp-block-group-is-layout-flow\" style=\"padding-right:0;padding-left:0\">\n<div class=\"wp-block-cover alignfull is-light\"><img loading=\"lazy\" decoding=\"async\" width=\"1920\" height=\"1080\" class=\"wp-block-cover__image-background wp-image-69197\" alt=\"\" src=\"https:\/\/3dgence-druki.devel8.wlc.team\/wp-content\/uploads\/2025\/06\/glowna_ECOSYSTEM_7-1-hp.webp\" data-object-fit=\"cover\" srcset=\"https:\/\/3dgence-druki.devel8.wlc.team\/wp-content\/uploads\/2025\/06\/glowna_ECOSYSTEM_7-1-hp.webp 1920w, https:\/\/3dgence-druki.devel8.wlc.team\/wp-content\/uploads\/2025\/06\/glowna_ECOSYSTEM_7-1-hp-300x169.webp 300w, https:\/\/3dgence-druki.devel8.wlc.team\/wp-content\/uploads\/2025\/06\/glowna_ECOSYSTEM_7-1-hp-1024x576.webp 1024w, https:\/\/3dgence-druki.devel8.wlc.team\/wp-content\/uploads\/2025\/06\/glowna_ECOSYSTEM_7-1-hp-768x432.webp 768w, https:\/\/3dgence-druki.devel8.wlc.team\/wp-content\/uploads\/2025\/06\/glowna_ECOSYSTEM_7-1-hp-1536x864.webp 1536w, https:\/\/3dgence-druki.devel8.wlc.team\/wp-content\/uploads\/2025\/06\/glowna_ECOSYSTEM_7-1-hp-69x39.webp 69w, https:\/\/3dgence-druki.devel8.wlc.team\/wp-content\/uploads\/2025\/06\/glowna_ECOSYSTEM_7-1-hp-621x349.webp 621w, https:\/\/3dgence-druki.devel8.wlc.team\/wp-content\/uploads\/2025\/06\/glowna_ECOSYSTEM_7-1-hp-672x378.webp 672w, https:\/\/3dgence-druki.devel8.wlc.team\/wp-content\/uploads\/2025\/06\/glowna_ECOSYSTEM_7-1-hp-1009x568.webp 1009w\" sizes=\"auto, (max-width: 1920px) 100vw, 1920px\" \/><span aria-hidden=\"true\" class=\"wp-block-cover__background has-background-dim-0 has-background-dim\" style=\"background-color:#d6d6d6\"><\/span><div class=\"wp-block-cover__inner-container is-layout-flow wp-block-cover-is-layout-flow\">\n<div class=\"wp-block-group is-layout-constrained wp-container-core-group-is-layout-a7c31ef8 wp-block-group-is-layout-constrained\" style=\"padding-right:0;padding-left:0\">\n<div class=\"wp-block-group wrapper is-layout-flow wp-block-group-is-layout-flow\">\n<div class=\"wp-block-group content-wrapper is-layout-constrained wp-container-core-group-is-layout-a7c31ef8 wp-block-group-is-layout-constrained\" style=\"padding-right:0;padding-left:0\">\n<h2 class=\"wp-block-heading has-dark-gray-color has-text-color\">Beste Hochleistungs-3D-Drucker<\/h2>\n\n\n\n<p class=\"has-dark-gray-color has-text-color\" style=\"margin-top:var(--wp--preset--spacing--16);margin-bottom:var(--wp--preset--spacing--16)\">W\u00e4hlen Sie eine Komplettl\u00f6sung mit erstklassiger Druckgeschwindigkeit, Leistung und Gesamtbetriebskosten.<\/p>\n\n\n\n<div class=\"wp-block-buttons is-layout-flex wp-block-buttons-is-layout-flex\">\n<div class=\"wp-block-button is-style-button-red\"><a class=\"wp-block-button__link has-page-bg-color has-text-color has-16-font-size has-custom-font-size wp-element-button\" style=\"border-width:2px\">Alle Drucker anzeigen<\/a><\/div>\n<\/div>\n<\/div>\n<\/div>\n<\/div>\n<\/div><\/div>\n<\/section>\n\n\n\n<section class=\"wp-block-group alignfull text-and-full-width-image is-layout-flow wp-block-group-is-layout-flow\" style=\"padding-right:0;padding-left:0\">\n<div class=\"wp-block-cover alignfull is-light\"><img loading=\"lazy\" decoding=\"async\" width=\"1920\" height=\"1080\" class=\"wp-block-cover__image-background wp-image-69192\" alt=\"\" src=\"https:\/\/3dgence-druki.devel8.wlc.team\/wp-content\/uploads\/2025\/06\/glowna_ECOSYSTEM_3-2.webp\" data-object-fit=\"cover\" srcset=\"https:\/\/3dgence-druki.devel8.wlc.team\/wp-content\/uploads\/2025\/06\/glowna_ECOSYSTEM_3-2.webp 1920w, https:\/\/3dgence-druki.devel8.wlc.team\/wp-content\/uploads\/2025\/06\/glowna_ECOSYSTEM_3-2-300x169.webp 300w, https:\/\/3dgence-druki.devel8.wlc.team\/wp-content\/uploads\/2025\/06\/glowna_ECOSYSTEM_3-2-1024x576.webp 1024w, https:\/\/3dgence-druki.devel8.wlc.team\/wp-content\/uploads\/2025\/06\/glowna_ECOSYSTEM_3-2-768x432.webp 768w, https:\/\/3dgence-druki.devel8.wlc.team\/wp-content\/uploads\/2025\/06\/glowna_ECOSYSTEM_3-2-1536x864.webp 1536w, https:\/\/3dgence-druki.devel8.wlc.team\/wp-content\/uploads\/2025\/06\/glowna_ECOSYSTEM_3-2-69x39.webp 69w, https:\/\/3dgence-druki.devel8.wlc.team\/wp-content\/uploads\/2025\/06\/glowna_ECOSYSTEM_3-2-621x349.webp 621w, https:\/\/3dgence-druki.devel8.wlc.team\/wp-content\/uploads\/2025\/06\/glowna_ECOSYSTEM_3-2-672x378.webp 672w, https:\/\/3dgence-druki.devel8.wlc.team\/wp-content\/uploads\/2025\/06\/glowna_ECOSYSTEM_3-2-1009x568.webp 1009w\" sizes=\"auto, (max-width: 1920px) 100vw, 1920px\" \/><span aria-hidden=\"true\" class=\"wp-block-cover__background has-background-dim-0 has-background-dim\" style=\"background-color:#848485\"><\/span><div class=\"wp-block-cover__inner-container is-layout-flow wp-block-cover-is-layout-flow\">\n<div class=\"wp-block-group is-layout-constrained wp-container-core-group-is-layout-a7c31ef8 wp-block-group-is-layout-constrained\" style=\"padding-right:0;padding-left:0\">\n<div class=\"wp-block-group wrapper is-layout-flow wp-block-group-is-layout-flow\">\n<div class=\"wp-block-group content-wrapper no-background is-layout-constrained wp-container-core-group-is-layout-a7c31ef8 wp-block-group-is-layout-constrained\" style=\"padding-right:0;padding-left:0\">\n<h2 class=\"wp-block-heading\">Entwickeln Sie die \u00c4nderung mit 3DGence<\/h2>\n\n\n\n<p style=\"margin-top:var(--wp--preset--spacing--16);margin-bottom:var(--wp--preset--spacing--16)\">Der Partner, dem Sie vertrauen k\u00f6nnen, konzentriert sich auf die allt\u00e4glichen Herausforderungen unserer Kunden.<\/p>\n\n\n\n<div class=\"wp-block-buttons is-layout-flex wp-block-buttons-is-layout-flex\">\n<div class=\"wp-block-button is-style-button-red\"><a class=\"wp-block-button__link has-page-bg-color has-text-color has-16-font-size has-custom-font-size wp-element-button\" href=\"https:\/\/3dgence.com\/contact\/\" style=\"border-width:2px;text-transform:capitalize\">\u00dcber 3DGence<\/a><\/div>\n<\/div>\n<\/div>\n<\/div>\n<\/div>\n<\/div><\/div>\n<\/section>\n\n\n\n<section class=\"wp-block-group alignfull text-and-full-width-image-and-banner is-layout-flow wp-block-group-is-layout-flow\" style=\"padding-right:0;padding-left:0\">\n<div class=\"wp-block-group alignfull gence-product-banner is-layout-constrained wp-container-core-group-is-layout-a7c31ef8 wp-block-group-is-layout-constrained\" style=\"padding-right:0;padding-left:0\">\n<div class=\"wp-block-group wrapper is-layout-flow wp-block-group-is-layout-flow\" style=\"padding-top:0;padding-right:0;padding-bottom:0;padding-left:0\">\n<div class=\"wp-block-group box image-box is-layout-constrained wp-block-group-is-layout-constrained\">\n<figure class=\"wp-block-image size-full is-resized\"><img decoding=\"async\" src=\"https:\/\/3dgence-druki.devel8.wlc.team\/wp-content\/uploads\/2025\/03\/victrex_glowna.webp\" alt=\"\" class=\"wp-image-1804\" style=\"aspect-ratio:1;object-fit:contain;width:auto;height:200px\"\/><\/figure>\n<\/div>\n\n\n\n<div class=\"wp-block-group box content-box is-layout-constrained wp-block-group-is-layout-constrained\">\n<h2 class=\"wp-block-heading\">VICTREX AM\u2122 200<\/h2>\n\n\n\n<p>Das leistungsst\u00e4rkste Polymer der PAEK-Familie wurde zum Drucken von best\u00e4ndigsten Teilen entwickelt.<\/p>\n<\/div>\n\n\n\n<div class=\"wp-block-group box button-box is-layout-constrained wp-block-group-is-layout-constrained\">\n<div class=\"wp-block-buttons is-layout-flex wp-block-buttons-is-layout-flex\">\n<div class=\"wp-block-button is-style-button-red\"><a class=\"wp-block-button__link wp-element-button\" href=\"https:\/\/3dgence.com\/filaments\/peek\/\">\u00dcberpr\u00fcfen Sie die Details<\/a><\/div>\n<\/div>\n<\/div>\n<\/div>\n<\/div>\n\n\n\n<div class=\"wp-block-cover alignfull is-light\"><img loading=\"lazy\" decoding=\"async\" width=\"1920\" height=\"1080\" class=\"wp-block-cover__image-background wp-image-69186\" alt=\"\" src=\"https:\/\/3dgence-druki.devel8.wlc.team\/wp-content\/uploads\/2025\/06\/banner_1920x1080px___store_ESM-30__ENG.webp\" data-object-fit=\"cover\" srcset=\"https:\/\/3dgence-druki.devel8.wlc.team\/wp-content\/uploads\/2025\/06\/banner_1920x1080px___store_ESM-30__ENG.webp 1920w, https:\/\/3dgence-druki.devel8.wlc.team\/wp-content\/uploads\/2025\/06\/banner_1920x1080px___store_ESM-30__ENG-300x169.webp 300w, https:\/\/3dgence-druki.devel8.wlc.team\/wp-content\/uploads\/2025\/06\/banner_1920x1080px___store_ESM-30__ENG-1024x576.webp 1024w, https:\/\/3dgence-druki.devel8.wlc.team\/wp-content\/uploads\/2025\/06\/banner_1920x1080px___store_ESM-30__ENG-768x432.webp 768w, https:\/\/3dgence-druki.devel8.wlc.team\/wp-content\/uploads\/2025\/06\/banner_1920x1080px___store_ESM-30__ENG-1536x864.webp 1536w, https:\/\/3dgence-druki.devel8.wlc.team\/wp-content\/uploads\/2025\/06\/banner_1920x1080px___store_ESM-30__ENG-69x39.webp 69w, https:\/\/3dgence-druki.devel8.wlc.team\/wp-content\/uploads\/2025\/06\/banner_1920x1080px___store_ESM-30__ENG-621x349.webp 621w, https:\/\/3dgence-druki.devel8.wlc.team\/wp-content\/uploads\/2025\/06\/banner_1920x1080px___store_ESM-30__ENG-672x378.webp 672w, https:\/\/3dgence-druki.devel8.wlc.team\/wp-content\/uploads\/2025\/06\/banner_1920x1080px___store_ESM-30__ENG-1009x568.webp 1009w\" sizes=\"auto, (max-width: 1920px) 100vw, 1920px\" \/><span aria-hidden=\"true\" class=\"wp-block-cover__background has-background-dim-0 has-background-dim\" style=\"background-color:#dddbdd\"><\/span><div class=\"wp-block-cover__inner-container is-layout-flow wp-block-cover-is-layout-flow\">\n<div class=\"wp-block-group is-layout-constrained wp-container-core-group-is-layout-a7c31ef8 wp-block-group-is-layout-constrained\" style=\"padding-right:0;padding-left:0\">\n<div class=\"wp-block-group wrapper is-layout-flow wp-block-group-is-layout-flow\">\n<div class=\"wp-block-group content-wrapper dark is-layout-constrained wp-container-core-group-is-layout-a7c31ef8 wp-block-group-is-layout-constrained\" style=\"padding-right:0;padding-left:0\">\n<h2 class=\"wp-block-heading\">3DGence Store<\/h2>\n\n\n\n<p style=\"margin-top:var(--wp--preset--spacing--16);margin-bottom:var(--wp--preset--spacing--16)\">Einf\u00fchrung des 3DGence Online-Shops, der auf die Bed\u00fcrfnisse von vielbesch\u00e4ftigten Profis zugeschnitten ist, die eine schnelle Lieferung und flexible Zahlungsm\u00f6glichkeiten ben\u00f6tigen.<\/p>\n\n\n\n<div class=\"wp-block-buttons is-layout-flex wp-block-buttons-is-layout-flex\">\n<div class=\"wp-block-button is-style-button-red\"><a class=\"wp-block-button__link has-page-bg-color has-text-color has-16-font-size has-custom-font-size wp-element-button\" style=\"border-width:2px;text-transform:capitalize\">Entdecken Sie die Einzelhandels- und B2B-Chancen<\/a><\/div>\n<\/div>\n<\/div>\n<\/div>\n<\/div>\n<\/div><\/div>\n<\/section>\n","protected":false},"excerpt":{"rendered":"<p>Industrial 3D Is Our Business\u2122 Become a leader in your sector \u2013 grow your business faster by using 3D printing technology for industrial applications. VICTREX AM\u2122 200 Das leistungsst\u00e4rkste Polymer der PAEK-Familie wurde zum Drucken von best\u00e4ndigsten Teilen entwickelt.<\/p>\n","protected":false},"author":1,"featured_media":63292,"parent":0,"menu_order":0,"comment_status":"closed","ping_status":"closed","template":"","meta":{"_acf_changed":false,"footnotes":""},"class_list":["post-69960","page","type-page","status-publish","has-post-thumbnail","hentry"],"acf":[],"yoast_head":"<!-- This site is optimized with the Yoast SEO plugin v25.9 - https:\/\/yoast.com\/wordpress\/plugins\/seo\/ -->\n<title>Industrielle 3D - Drucker. Druck f\u00fcr industrielle Zwecke | 3DGence<\/title>\n<meta name=\"description\" content=\"Industrielle 3D - Drucker. Werden Sie zum Marktf\u00fchrer in Ihrer Branche - wachsen Sie schneller mit unserer 3D. W\u00e4hlen Sie eine Komplettl\u00f6sung\" \/>\n<meta name=\"robots\" content=\"noindex, follow, max-snippet:-1, max-image-preview:large, max-video-preview:-1\" \/>\n<meta property=\"og:locale\" content=\"de_DE\" \/>\n<meta property=\"og:type\" content=\"article\" \/>\n<meta property=\"og:title\" content=\"Industrielle 3D - Drucker. Druck f\u00fcr industrielle Zwecke | 3DGence\" \/>\n<meta property=\"og:description\" content=\"Industrielle 3D - Drucker. Werden Sie zum Marktf\u00fchrer in Ihrer Branche - wachsen Sie schneller mit unserer 3D. W\u00e4hlen Sie eine Komplettl\u00f6sung\" \/>\n<meta property=\"og:url\" content=\"https:\/\/3dgence-druki.devel8.wlc.team\/de\/\" \/>\n<meta property=\"og:site_name\" content=\"3DGence\" \/>\n<meta property=\"article:modified_time\" content=\"2025-09-29T09:42:39+00:00\" \/>\n<meta property=\"og:image\" content=\"https:\/\/www.3dgence-druki.devel8.wlc.team\/wp-content\/uploads\/2025\/05\/photo_1200x800px__INDUSTRY_F1000__3DGence-04.jpg\" \/>\n\t<meta property=\"og:image:width\" content=\"1200\" \/>\n\t<meta property=\"og:image:height\" content=\"800\" \/>\n\t<meta property=\"og:image:type\" content=\"image\/jpeg\" \/>\n<meta name=\"twitter:card\" content=\"summary_large_image\" \/>\n<meta name=\"twitter:label1\" content=\"Est. reading time\" \/>\n\t<meta name=\"twitter:data1\" content=\"3 minutes\" \/>\n<script type=\"application\/ld+json\" class=\"yoast-schema-graph\">{\"@context\":\"https:\/\/schema.org\",\"@graph\":[{\"@type\":\"WebPage\",\"@id\":\"https:\/\/3dgence-druki.devel8.wlc.team\/de\/\",\"url\":\"https:\/\/3dgence-druki.devel8.wlc.team\/de\/\",\"name\":\"Industrielle 3D - Drucker. Druck f\u00fcr industrielle Zwecke | 3DGence\",\"isPartOf\":{\"@id\":\"https:\/\/www.3dgence-druki.devel8.wlc.team\/de\/#website\"},\"primaryImageOfPage\":{\"@id\":\"https:\/\/3dgence-druki.devel8.wlc.team\/de\/#primaryimage\"},\"image\":{\"@id\":\"https:\/\/3dgence-druki.devel8.wlc.team\/de\/#primaryimage\"},\"thumbnailUrl\":\"https:\/\/3dgence-druki.devel8.wlc.team\/wp-content\/uploads\/2025\/05\/photo_1200x800px__INDUSTRY_F1000__3DGence-04.jpg\",\"datePublished\":\"2025-03-27T06:28:01+00:00\",\"dateModified\":\"2025-09-29T09:42:39+00:00\",\"description\":\"Industrielle 3D - Drucker. Werden Sie zum Marktf\u00fchrer in Ihrer Branche - wachsen Sie schneller mit unserer 3D. W\u00e4hlen Sie eine Komplettl\u00f6sung\",\"breadcrumb\":{\"@id\":\"https:\/\/3dgence-druki.devel8.wlc.team\/de\/#breadcrumb\"},\"inLanguage\":\"de-DE\",\"potentialAction\":[{\"@type\":\"ReadAction\",\"target\":[\"https:\/\/3dgence-druki.devel8.wlc.team\/de\/\"]}]},{\"@type\":\"ImageObject\",\"inLanguage\":\"de-DE\",\"@id\":\"https:\/\/3dgence-druki.devel8.wlc.team\/de\/#primaryimage\",\"url\":\"https:\/\/3dgence-druki.devel8.wlc.team\/wp-content\/uploads\/2025\/05\/photo_1200x800px__INDUSTRY_F1000__3DGence-04.jpg\",\"contentUrl\":\"https:\/\/3dgence-druki.devel8.wlc.team\/wp-content\/uploads\/2025\/05\/photo_1200x800px__INDUSTRY_F1000__3DGence-04.jpg\",\"width\":1200,\"height\":800},{\"@type\":\"BreadcrumbList\",\"@id\":\"https:\/\/3dgence-druki.devel8.wlc.team\/de\/#breadcrumb\",\"itemListElement\":[{\"@type\":\"ListItem\",\"position\":1,\"name\":\"Home\",\"item\":\"https:\/\/www.3dgence-druki.devel8.wlc.team\/de\/\"},{\"@type\":\"ListItem\",\"position\":2,\"name\":\"Homepage DE\"}]},{\"@type\":\"WebSite\",\"@id\":\"https:\/\/www.3dgence-druki.devel8.wlc.team\/de\/#website\",\"url\":\"https:\/\/www.3dgence-druki.devel8.wlc.team\/de\/\",\"name\":\"3DGence\",\"description\":\"Przemys\u0142owe rozwi\u0105zania druku 3D, urz\u0105dzenia i us\u0142ugi\",\"publisher\":{\"@id\":\"https:\/\/www.3dgence-druki.devel8.wlc.team\/de\/#organization\"},\"potentialAction\":[{\"@type\":\"SearchAction\",\"target\":{\"@type\":\"EntryPoint\",\"urlTemplate\":\"https:\/\/www.3dgence-druki.devel8.wlc.team\/de\/?s={search_term_string}\"},\"query-input\":{\"@type\":\"PropertyValueSpecification\",\"valueRequired\":true,\"valueName\":\"search_term_string\"}}],\"inLanguage\":\"de-DE\"},{\"@type\":\"Organization\",\"@id\":\"https:\/\/www.3dgence-druki.devel8.wlc.team\/de\/#organization\",\"name\":\"3DGence\",\"url\":\"https:\/\/www.3dgence-druki.devel8.wlc.team\/de\/\",\"logo\":{\"@type\":\"ImageObject\",\"inLanguage\":\"de-DE\",\"@id\":\"https:\/\/www.3dgence-druki.devel8.wlc.team\/de\/#\/schema\/logo\/image\/\",\"url\":\"https:\/\/3dgence-druki.devel8.wlc.team\/wp-content\/uploads\/2024\/06\/3DGence_Service_logo.svg\",\"contentUrl\":\"https:\/\/3dgence-druki.devel8.wlc.team\/wp-content\/uploads\/2024\/06\/3DGence_Service_logo.svg\",\"caption\":\"3DGence\"},\"image\":{\"@id\":\"https:\/\/www.3dgence-druki.devel8.wlc.team\/de\/#\/schema\/logo\/image\/\"}}]}<\/script>\n<!-- \/ Yoast SEO plugin. -->","yoast_head_json":{"title":"Industrielle 3D - Drucker. Druck f\u00fcr industrielle Zwecke | 3DGence","description":"Industrielle 3D - Drucker. Werden Sie zum Marktf\u00fchrer in Ihrer Branche - wachsen Sie schneller mit unserer 3D. W\u00e4hlen Sie eine Komplettl\u00f6sung","robots":{"index":"noindex","follow":"follow","max-snippet":"max-snippet:-1","max-image-preview":"max-image-preview:large","max-video-preview":"max-video-preview:-1"},"og_locale":"de_DE","og_type":"article","og_title":"Industrielle 3D - Drucker. Druck f\u00fcr industrielle Zwecke | 3DGence","og_description":"Industrielle 3D - Drucker. Werden Sie zum Marktf\u00fchrer in Ihrer Branche - wachsen Sie schneller mit unserer 3D. W\u00e4hlen Sie eine Komplettl\u00f6sung","og_url":"https:\/\/3dgence-druki.devel8.wlc.team\/de\/","og_site_name":"3DGence","article_modified_time":"2025-09-29T09:42:39+00:00","og_image":[{"width":1200,"height":800,"url":"https:\/\/www.3dgence-druki.devel8.wlc.team\/wp-content\/uploads\/2025\/05\/photo_1200x800px__INDUSTRY_F1000__3DGence-04.jpg","type":"image\/jpeg"}],"twitter_card":"summary_large_image","twitter_misc":{"Est. reading time":"3 minutes"},"schema":{"@context":"https:\/\/schema.org","@graph":[{"@type":"WebPage","@id":"https:\/\/3dgence-druki.devel8.wlc.team\/de\/","url":"https:\/\/3dgence-druki.devel8.wlc.team\/de\/","name":"Industrielle 3D - Drucker. Druck f\u00fcr industrielle Zwecke | 3DGence","isPartOf":{"@id":"https:\/\/www.3dgence-druki.devel8.wlc.team\/de\/#website"},"primaryImageOfPage":{"@id":"https:\/\/3dgence-druki.devel8.wlc.team\/de\/#primaryimage"},"image":{"@id":"https:\/\/3dgence-druki.devel8.wlc.team\/de\/#primaryimage"},"thumbnailUrl":"https:\/\/3dgence-druki.devel8.wlc.team\/wp-content\/uploads\/2025\/05\/photo_1200x800px__INDUSTRY_F1000__3DGence-04.jpg","datePublished":"2025-03-27T06:28:01+00:00","dateModified":"2025-09-29T09:42:39+00:00","description":"Industrielle 3D - Drucker. Werden Sie zum Marktf\u00fchrer in Ihrer Branche - wachsen Sie schneller mit unserer 3D. W\u00e4hlen Sie eine Komplettl\u00f6sung","breadcrumb":{"@id":"https:\/\/3dgence-druki.devel8.wlc.team\/de\/#breadcrumb"},"inLanguage":"de-DE","potentialAction":[{"@type":"ReadAction","target":["https:\/\/3dgence-druki.devel8.wlc.team\/de\/"]}]},{"@type":"ImageObject","inLanguage":"de-DE","@id":"https:\/\/3dgence-druki.devel8.wlc.team\/de\/#primaryimage","url":"https:\/\/3dgence-druki.devel8.wlc.team\/wp-content\/uploads\/2025\/05\/photo_1200x800px__INDUSTRY_F1000__3DGence-04.jpg","contentUrl":"https:\/\/3dgence-druki.devel8.wlc.team\/wp-content\/uploads\/2025\/05\/photo_1200x800px__INDUSTRY_F1000__3DGence-04.jpg","width":1200,"height":800},{"@type":"BreadcrumbList","@id":"https:\/\/3dgence-druki.devel8.wlc.team\/de\/#breadcrumb","itemListElement":[{"@type":"ListItem","position":1,"name":"Home","item":"https:\/\/www.3dgence-druki.devel8.wlc.team\/de\/"},{"@type":"ListItem","position":2,"name":"Homepage DE"}]},{"@type":"WebSite","@id":"https:\/\/www.3dgence-druki.devel8.wlc.team\/de\/#website","url":"https:\/\/www.3dgence-druki.devel8.wlc.team\/de\/","name":"3DGence","description":"Przemys\u0142owe rozwi\u0105zania druku 3D, urz\u0105dzenia i us\u0142ugi","publisher":{"@id":"https:\/\/www.3dgence-druki.devel8.wlc.team\/de\/#organization"},"potentialAction":[{"@type":"SearchAction","target":{"@type":"EntryPoint","urlTemplate":"https:\/\/www.3dgence-druki.devel8.wlc.team\/de\/?s={search_term_string}"},"query-input":{"@type":"PropertyValueSpecification","valueRequired":true,"valueName":"search_term_string"}}],"inLanguage":"de-DE"},{"@type":"Organization","@id":"https:\/\/www.3dgence-druki.devel8.wlc.team\/de\/#organization","name":"3DGence","url":"https:\/\/www.3dgence-druki.devel8.wlc.team\/de\/","logo":{"@type":"ImageObject","inLanguage":"de-DE","@id":"https:\/\/www.3dgence-druki.devel8.wlc.team\/de\/#\/schema\/logo\/image\/","url":"https:\/\/3dgence-druki.devel8.wlc.team\/wp-content\/uploads\/2024\/06\/3DGence_Service_logo.svg","contentUrl":"https:\/\/3dgence-druki.devel8.wlc.team\/wp-content\/uploads\/2024\/06\/3DGence_Service_logo.svg","caption":"3DGence"},"image":{"@id":"https:\/\/www.3dgence-druki.devel8.wlc.team\/de\/#\/schema\/logo\/image\/"}}]}},"_links":{"self":[{"href":"https:\/\/3dgence-druki.devel8.wlc.team\/de\/wp-json\/wp\/v2\/pages\/69960","targetHints":{"allow":["GET"]}}],"collection":[{"href":"https:\/\/3dgence-druki.devel8.wlc.team\/de\/wp-json\/wp\/v2\/pages"}],"about":[{"href":"https:\/\/3dgence-druki.devel8.wlc.team\/de\/wp-json\/wp\/v2\/types\/page"}],"author":[{"embeddable":true,"href":"https:\/\/3dgence-druki.devel8.wlc.team\/de\/wp-json\/wp\/v2\/users\/1"}],"replies":[{"embeddable":true,"href":"https:\/\/3dgence-druki.devel8.wlc.team\/de\/wp-json\/wp\/v2\/comments?post=69960"}],"version-history":[{"count":7,"href":"https:\/\/3dgence-druki.devel8.wlc.team\/de\/wp-json\/wp\/v2\/pages\/69960\/revisions"}],"predecessor-version":[{"id":72424,"href":"https:\/\/3dgence-druki.devel8.wlc.team\/de\/wp-json\/wp\/v2\/pages\/69960\/revisions\/72424"}],"wp:featuredmedia":[{"embeddable":true,"href":"https:\/\/3dgence-druki.devel8.wlc.team\/de\/wp-json\/wp\/v2\/media\/63292"}],"wp:attachment":[{"href":"https:\/\/3dgence-druki.devel8.wlc.team\/de\/wp-json\/wp\/v2\/media?parent=69960"}],"curies":[{"name":"wp","href":"https:\/\/api.w.org\/{rel}","templated":true}]}}