{"id":252,"date":"2023-11-09T22:33:18","date_gmt":"2023-11-09T22:33:18","guid":{"rendered":"https:\/\/3dgence-fse-docker.devel8.wlc.team\/kontakt\/"},"modified":"2025-07-15T09:04:01","modified_gmt":"2025-07-15T09:04:01","slug":"kontakt","status":"publish","type":"page","link":"https:\/\/3dgence-druki.devel8.wlc.team\/de\/kontakt\/","title":{"rendered":"Contact"},"content":{"rendered":"\t\t<section \n\t\t\tclass=\"hero-contact hero-contact--defaultTemplate\"\n\t\t\tstyle=\"\n\t\t\t\t--desktop-bg: url(https:\/\/3dgence-druki.devel8.wlc.team\/wp-content\/uploads\/2024\/04\/hero-c-desktop.webp);\n\t\t\t\t--mobile-bg: url(https:\/\/3dgence-druki.devel8.wlc.team\/wp-content\/uploads\/2024\/04\/hero-c-mobile.webp);\n\t\t\t\"\n\t\t>\n\t\t\t\n\n<div class=\"wp-block-group hero-contact__content-wrapper is-layout-flow wp-block-group-is-layout-flow\">\n<div class=\"wp-block-group hero-contact__contact-info has-background-light-gray-1-background-color has-background is-layout-flow wp-block-group-is-layout-flow\">\n<h1 class=\"wp-block-heading\">Kontact information<\/h1>\n\n\n\n<p class=\"has-text-color has-link-color wp-elements-56490c2273594ac26a00cb2cfcd09700\" style=\"color:#7a7a7a\">Don&#8217;t know how 3D printing can help grow your business? Our expert team will help you choose <br>the right technology and printer. <\/p>\n\n\n\n<div class=\"wp-block-group hero-contact__section is-layout-flow wp-block-group-is-layout-flow\">\n<p class=\"has-text-align-center\"><strong>PRINTER SALES AND QUOTES:<\/strong><\/p>\n\n\n\n<div class=\"wp-block-group hero-contact__icons-wrapper is-nowrap is-layout-flex wp-container-core-group-is-layout-ad2f72ca wp-block-group-is-layout-flex\">\t\t<div class=\"contact-icon-text \">\n\t\t\t<div class=\"contact-icon-text__wrapper\">\n\t\t\t\t<div class=\"contact-icon-text__image-wrapper\">\n\t\t\t\t\t<img decoding=\"async\" src=\"https:\/\/3dgence-druki.devel8.wlc.team\/wp-content\/uploads\/2024\/04\/phone_outline_ico.svg\" alt=\"icon\" class=\"contact-icon-text__image\">\n\t\t\t\t<\/div>\n\t\t\t\t<div class=\"contact-icon-text__text\">\n\t\t\t\t\t+48 502 299 098<br>+48 502 034 550\t\t\t\t<\/div>\n\t\t\t<\/div>\n\t\t<\/div> \n\t\t\n\n\t\t<div class=\"contact-icon-text \">\n\t\t\t<div class=\"contact-icon-text__wrapper\">\n\t\t\t\t<div class=\"contact-icon-text__image-wrapper\">\n\t\t\t\t\t<img decoding=\"async\" src=\"https:\/\/3dgence-druki.devel8.wlc.team\/wp-content\/uploads\/2024\/04\/mail_outline_ico.svg\" alt=\"icon\" class=\"contact-icon-text__image\">\n\t\t\t\t<\/div>\n\t\t\t\t<div class=\"contact-icon-text__text\">\n\t\t\t\t\tsales@3dgence.com\t\t\t\t<\/div>\n\t\t\t<\/div>\n\t\t<\/div> \n\t\t<\/div>\n<\/div>\n\n\n\n<div class=\"wp-block-group hero-contact__section is-layout-flow wp-block-group-is-layout-flow\">\n<p class=\"has-text-align-center\"><strong>3D PRINTING SERVICES:<\/strong><\/p>\n\n\n\n<div class=\"wp-block-group hero-contact__icons-wrapper is-nowrap is-layout-flex wp-container-core-group-is-layout-ad2f72ca wp-block-group-is-layout-flex\">\t\t<div class=\"contact-icon-text \">\n\t\t\t<div class=\"contact-icon-text__wrapper\">\n\t\t\t\t<div class=\"contact-icon-text__image-wrapper\">\n\t\t\t\t\t<img decoding=\"async\" src=\"https:\/\/3dgence-druki.devel8.wlc.team\/wp-content\/uploads\/2024\/04\/phone_outline_ico.svg\" alt=\"icon\" class=\"contact-icon-text__image\">\n\t\t\t\t<\/div>\n\t\t\t\t<div class=\"contact-icon-text__text\">\n\t\t\t\t\t+48 517 921 768\t\t\t\t<\/div>\n\t\t\t<\/div>\n\t\t<\/div> \n\t\t\n\n\t\t<div class=\"contact-icon-text \">\n\t\t\t<div class=\"contact-icon-text__wrapper\">\n\t\t\t\t<div class=\"contact-icon-text__image-wrapper\">\n\t\t\t\t\t<img decoding=\"async\" src=\"https:\/\/3dgence-druki.devel8.wlc.team\/wp-content\/uploads\/2024\/04\/mail_outline_ico.svg\" alt=\"icon\" class=\"contact-icon-text__image\">\n\t\t\t\t<\/div>\n\t\t\t\t<div class=\"contact-icon-text__text\">\n\t\t\t\t\t3dservices@3dgence.com\t\t\t\t<\/div>\n\t\t\t<\/div>\n\t\t<\/div> \n\t\t<\/div>\n<\/div>\n<\/div>\n\n\n\n<div class=\"wp-block-group hero-contact__form-wrapper is-layout-flow wp-block-group-is-layout-flow\">\n<h2 class=\"wp-block-heading hero-contact__form-heading\">Kontact form<\/h2>\n\n\n\n<div class=\"wp-block-contact-form-7-contact-form-selector\">\n<div class=\"wpcf7 no-js\" id=\"wpcf7-f6145-o1\" lang=\"de-DE\" dir=\"ltr\" data-wpcf7-id=\"6145\">\n<div class=\"screen-reader-response\"><p role=\"status\" aria-live=\"polite\" aria-atomic=\"true\"><\/p> <ul><\/ul><\/div>\n<form action=\"\/de\/wp-json\/wp\/v2\/pages\/252#wpcf7-f6145-o1\" method=\"post\" class=\"wpcf7-form init wpcf7-acceptance-as-validation\" aria-label=\"Contact form\" novalidate=\"novalidate\" data-status=\"init\">\n<fieldset class=\"hidden-fields-container\"><input type=\"hidden\" name=\"_wpcf7\" value=\"6145\" \/><input type=\"hidden\" name=\"_wpcf7_version\" value=\"6.1.1\" \/><input type=\"hidden\" name=\"_wpcf7_locale\" value=\"de_DE\" \/><input type=\"hidden\" name=\"_wpcf7_unit_tag\" value=\"wpcf7-f6145-o1\" \/><input type=\"hidden\" name=\"_wpcf7_container_post\" value=\"0\" \/><input type=\"hidden\" name=\"_wpcf7_posted_data_hash\" value=\"\" \/><input type=\"hidden\" name=\"_wpcf7_recaptcha_response\" value=\"\" \/>\n<\/fieldset>\n<div class=\"block-contact-form__form-wrapper\">\n<div class=\"block-contact-form__left\">\n    <div>\n        <span class=\"wpcf7-form-control-wrap\" data-name=\"your-name\"><input size=\"40\" maxlength=\"400\" class=\"wpcf7-form-control wpcf7-text wpcf7-validates-as-required\" aria-required=\"true\" aria-invalid=\"false\" placeholder=\"Vor- und Nachname*\" value=\"\" type=\"text\" name=\"your-name\" \/><\/span> \n    <\/div>\n\n\n    <div>\n        <span class=\"wpcf7-form-control-wrap\" data-name=\"your-company\"><input size=\"40\" maxlength=\"400\" class=\"wpcf7-form-control wpcf7-text wpcf7-validates-as-required\" aria-required=\"true\" aria-invalid=\"false\" placeholder=\"Firma*\" value=\"\" type=\"text\" name=\"your-company\" \/><\/span> \n    <\/div>\n\n    <div>\n        <span class=\"wpcf7-form-control-wrap\" data-name=\"your-email-company\"><input size=\"40\" maxlength=\"400\" class=\"wpcf7-form-control wpcf7-email wpcf7-validates-as-required wpcf7-text wpcf7-validates-as-email\" aria-required=\"true\" aria-invalid=\"false\" placeholder=\"Unternehmen E-Mail*\" value=\"\" type=\"email\" name=\"your-email-company\" \/><\/span> \n    <\/div>\n    <div>\n        <span class=\"wpcf7-form-control-wrap\" data-name=\"tel\"><input size=\"40\" maxlength=\"400\" class=\"wpcf7-form-control wpcf7-tel wpcf7-validates-as-required wpcf7-text wpcf7-validates-as-tel\" aria-required=\"true\" aria-invalid=\"false\" placeholder=\"Telefonnummer*\" value=\"\" type=\"tel\" name=\"tel\" \/><\/span>\n    <\/div>\n<\/div>\n<div class=\"block-contact-form__right\">\n    <div>\n        <span class=\"wpcf7-form-control-wrap\" data-name=\"your-message\"><textarea cols=\"40\" rows=\"4\" maxlength=\"2000\" class=\"wpcf7-form-control wpcf7-textarea\" aria-invalid=\"false\" name=\"your-message\"><\/textarea><\/span>\n    <\/div>\n    <span class=\"wpcf7-form-control-wrap submission_id\"><input class=\"wpcf7-form-control wpcf7-submission_id_hidden wpcf7-validates-as-number\" readonly=\"readonly\" aria-invalid=\"false\" value=\"1\" name=\"submission_id\" type=\"hidden\" \/><\/span>\n\n    <div>\n        <span class=\"wpcf7-form-control-wrap\" data-name=\"acceptance-379\"><span class=\"wpcf7-form-control wpcf7-acceptance\"><span class=\"wpcf7-list-item\"><label><input type=\"checkbox\" name=\"acceptance-379\" value=\"1\" aria-invalid=\"false\" \/><span class=\"wpcf7-list-item-label\">Ich stimme <a href=\/de\/cookie-richtlinie\/\/>den Datenschutz- und Cookie-Richtlinien zu<\/a>.<\/span><\/label><\/span><\/span><\/span>\n    <\/div>\n    <input type=\"hidden\" id=\"zc_gad\" name=\"zc_gad\" value=\"\"\/>\n\n    <input class=\"wpcf7-form-control wpcf7-hidden\" id=\"formgclid\" value=\"gclid\" type=\"hidden\" name=\"formgclid\" \/>\n    <input class=\"wpcf7-form-control wpcf7-hidden\" id=\"formutmz\" value=\"\" type=\"hidden\" name=\"formutmz\" \/>\n<\/div>\n<\/div>\n<div class=\"block-contact-form__form-bottom\">\n    <div class=\"btn-wrapper\">\n        <input class=\"wpcf7-form-control wpcf7-submit has-spinner btn\" type=\"submit\" value=\"Angebot anfragen\" \/>\n    <\/div>\n<\/div><div class=\"wpcf7-response-output\" aria-hidden=\"true\"><\/div>\n<\/form>\n<\/div>\n<\/div>\n<\/div>\n<\/div>\n\n\t\t<\/section>\n\t\t\n\n\n<div class=\"wp-block-group tech-support is-layout-constrained wp-container-core-group-is-layout-a7c31ef8 wp-block-group-is-layout-constrained\" style=\"padding-right:0;padding-left:0\">\n<div class=\"wp-block-group fse-heading is-layout-constrained wp-block-group-is-layout-constrained\">\n<h2 class=\"wp-block-heading alignwide has-text-align-center has-gray-color has-text-color\" style=\"margin-bottom:0;font-size:2.81rem\">Technical support<\/h2>\n\n\n\n<div style=\"height:2px\" aria-hidden=\"true\" class=\"wp-block-spacer\"><\/div>\n<\/div>\n\n\n\n<div class=\"wp-block-group tech-support__columns-wrapper is-layout-constrained wp-block-group-is-layout-constrained\">\n<div class=\"wp-block-media-text has-media-on-the-right is-stacked-on-mobile\"><div class=\"wp-block-media-text__content\">\n<h3 class=\"wp-block-heading has-dark-gray-color has-text-color has-link-color wp-elements-5dedf8a4eee6e3bd4b0b0773cb341610\" style=\"font-style:normal;font-weight:700\">Technical support<\/h3>\n\n\n\n<p class=\"has-dark-gray-color has-text-color has-link-color wp-elements-20800e90545817ca473a842b810a5349\">If you require technical assistance, don&#8217;t hesitate to contact <br>our dedicated support team. We ensure timely responses <br>and uphold the highest&nbsp;service quality and reliability standards.<\/p>\n\n\n\n<div class=\"wp-block-group tech-support__contact-wrapper is-nowrap is-layout-flex wp-container-core-group-is-layout-ad2f72ca wp-block-group-is-layout-flex\">\t\t<div class=\"contact-icon-text contact-icon-text--medium\">\n\t\t\t<div class=\"contact-icon-text__wrapper\">\n\t\t\t\t<div class=\"contact-icon-text__image-wrapper\">\n\t\t\t\t\t<img\n\t\t\t\t\t\tsrc=\"https:\/\/3dgence-druki.devel8.wlc.team\/wp-content\/uploads\/2024\/04\/phone_outline_ico.svg\"\n\t\t\t\t\t\talt=\"icon\"\n\t\t\t\t\t\tclass=\"contact-icon-text__image\"\n\t\t\t\t\t\t\t\t\t\t\t\t\t\t\t\t\t>\n\t\t\t\t<\/div>\n\t\t\t\t<div class=\"contact-icon-text__text\">\n\t\t\t\t\t+48 502 390 117<br>+48 501 321 677\t\t\t\t<\/div>\n\t\t\t<\/div>\n\t\t<\/div> \n\t\t\n\n\t\t<div class=\"contact-icon-text contact-icon-text--medium\">\n\t\t\t<div class=\"contact-icon-text__wrapper\">\n\t\t\t\t<div class=\"contact-icon-text__image-wrapper\">\n\t\t\t\t\t<img\n\t\t\t\t\t\tsrc=\"https:\/\/3dgence-druki.devel8.wlc.team\/wp-content\/uploads\/2024\/04\/mail_outline_ico.svg\"\n\t\t\t\t\t\talt=\"icon\"\n\t\t\t\t\t\tclass=\"contact-icon-text__image\"\n\t\t\t\t\t\t\t\t\t\t\t\t\t\t\t\t\t>\n\t\t\t\t<\/div>\n\t\t\t\t<div class=\"contact-icon-text__text\">\n\t\t\t\t\tsupport@3dgence.com\t\t\t\t<\/div>\n\t\t\t<\/div>\n\t\t<\/div> \n\t\t<\/div>\n<\/div><figure class=\"wp-block-media-text__media\"><img decoding=\"async\" src=\"https:\/\/3dgence-druki.devel8.wlc.team\/wp-content\/uploads\/2024\/04\/tehc-sup.webp\" alt=\"\" class=\"wp-image-1395 size-full\"\/><\/figure><\/div>\n<\/div>\n<\/div>\n\n\n\n<div class=\"wp-block-group company-details is-layout-constrained wp-container-core-group-is-layout-a7c31ef8 wp-block-group-is-layout-constrained\" style=\"padding-right:0;padding-left:0\">\n<div class=\"wp-block-group fse-heading is-layout-constrained wp-block-group-is-layout-constrained\">\n<h2 class=\"wp-block-heading alignwide has-text-align-center has-gray-color has-text-color\" style=\"margin-bottom:0;font-size:2.81rem\">Company details<\/h2>\n\n\n\n<div style=\"height:2px\" aria-hidden=\"true\" class=\"wp-block-spacer\"><\/div>\n<\/div>\n\n\n\n<div class=\"wp-block-group company-details__blocks-wrapper is-nowrap is-layout-flex wp-container-core-group-is-layout-ad2f72ca wp-block-group-is-layout-flex\">\n<div class=\"wp-block-group company-details__block is-layout-constrained wp-block-group-is-layout-constrained\">\n<h3 class=\"wp-block-heading\">3DGence GmbH<\/h3>\n\n\n\n<p class=\"has-text-align-center\">Gradignanstra\u03b2e 4, <br>64319 Pfungstadt<\/p>\n\n\n\n<div class=\"wp-block-group company-details__contact-wrapper is-layout-constrained wp-block-group-is-layout-constrained\">\t\t<div class=\"contact-icon-text contact-icon-text--small\">\n\t\t\t<div class=\"contact-icon-text__wrapper\">\n\t\t\t\t<div class=\"contact-icon-text__image-wrapper\">\n\t\t\t\t\t<img\n\t\t\t\t\t\tsrc=\"https:\/\/3dgence-druki.devel8.wlc.team\/wp-content\/uploads\/2024\/04\/phone_outline_ico.svg\"\n\t\t\t\t\t\talt=\"icon\"\n\t\t\t\t\t\tclass=\"contact-icon-text__image\"\n\t\t\t\t\t\t\t\t\t\t\t\t\t\t\t\t\t>\n\t\t\t\t<\/div>\n\t\t\t\t<div class=\"contact-icon-text__text\">\n\t\t\t\t\t+49 6157 9118 972 \t\t\t\t<\/div>\n\t\t\t<\/div>\n\t\t<\/div> \n\t\t\n\n\t\t<div class=\"contact-icon-text contact-icon-text--small\">\n\t\t\t<div class=\"contact-icon-text__wrapper\">\n\t\t\t\t<div class=\"contact-icon-text__image-wrapper\">\n\t\t\t\t\t<img\n\t\t\t\t\t\tsrc=\"https:\/\/3dgence-druki.devel8.wlc.team\/wp-content\/uploads\/2024\/04\/mail_outline_ico.svg\"\n\t\t\t\t\t\talt=\"icon\"\n\t\t\t\t\t\tclass=\"contact-icon-text__image\"\n\t\t\t\t\t\t\t\t\t\t\t\t\t\t\t\t\t>\n\t\t\t\t<\/div>\n\t\t\t\t<div class=\"contact-icon-text__text\">\n\t\t\t\t\tandreas.starkbaum@3dgence.com\t\t\t\t<\/div>\n\t\t\t<\/div>\n\t\t<\/div> \n\t\t<\/div>\n\n\n\n<p class=\"company-details__bottom-text\">Amtsgericht Dresden HRB 40786<\/p>\n<\/div>\n\n\n\n<div class=\"wp-block-group company-details__block is-layout-constrained wp-block-group-is-layout-constrained\">\n<h3 class=\"wp-block-heading\">3DGence America Inc.<\/h3>\n\n\n\n<p class=\"has-text-align-center\">1841 E. Levee Street<br>75207 Dallas, TX<\/p>\n\n\n\n<div class=\"wp-block-group company-details__contact-wrapper is-layout-constrained wp-block-group-is-layout-constrained\">\t\t<div class=\"contact-icon-text contact-icon-text--small\">\n\t\t\t<div class=\"contact-icon-text__wrapper\">\n\t\t\t\t<div class=\"contact-icon-text__image-wrapper\">\n\t\t\t\t\t<img\n\t\t\t\t\t\tsrc=\"https:\/\/3dgence-druki.devel8.wlc.team\/wp-content\/uploads\/2024\/04\/phone_outline_ico.svg\"\n\t\t\t\t\t\talt=\"icon\"\n\t\t\t\t\t\tclass=\"contact-icon-text__image\"\n\t\t\t\t\t\t\t\t\t\t\t\t\t\t\t\t\t>\n\t\t\t\t<\/div>\n\t\t\t\t<div class=\"contact-icon-text__text\">\n\t\t\t\t\t+1.855.466.3813 \t\t\t\t<\/div>\n\t\t\t<\/div>\n\t\t<\/div> \n\t\t\n\n\t\t<div class=\"contact-icon-text contact-icon-text--small\">\n\t\t\t<div class=\"contact-icon-text__wrapper\">\n\t\t\t\t<div class=\"contact-icon-text__image-wrapper\">\n\t\t\t\t\t<img\n\t\t\t\t\t\tsrc=\"https:\/\/3dgence-druki.devel8.wlc.team\/wp-content\/uploads\/2024\/04\/mail_outline_ico.svg\"\n\t\t\t\t\t\talt=\"icon\"\n\t\t\t\t\t\tclass=\"contact-icon-text__image\"\n\t\t\t\t\t\t\t\t\t\t\t\t\t\t\t\t\t>\n\t\t\t\t<\/div>\n\t\t\t\t<div class=\"contact-icon-text__text\">\n\t\t\t\t\tindustrial3D@3dgence.com\t\t\t\t<\/div>\n\t\t\t<\/div>\n\t\t<\/div> \n\t\t<\/div>\n<\/div>\n\n\n\n<div class=\"wp-block-group company-details__block is-layout-constrained wp-block-group-is-layout-constrained\">\n<h3 class=\"wp-block-heading\">3DGence Sp. z o. o.<\/h3>\n\n\n\n<p class=\"has-text-align-center\">Graniczna 66 44-178<br>Przyszowice, Poland<\/p>\n\n\n\n<div class=\"wp-block-group company-details__contact-wrapper is-layout-constrained wp-block-group-is-layout-constrained\">\t\t<div class=\"contact-icon-text contact-icon-text--small\">\n\t\t\t<div class=\"contact-icon-text__wrapper\">\n\t\t\t\t<div class=\"contact-icon-text__image-wrapper\">\n\t\t\t\t\t<img\n\t\t\t\t\t\tsrc=\"https:\/\/3dgence-druki.devel8.wlc.team\/wp-content\/uploads\/2024\/04\/phone_outline_ico.svg\"\n\t\t\t\t\t\talt=\"icon\"\n\t\t\t\t\t\tclass=\"contact-icon-text__image\"\n\t\t\t\t\t\t\t\t\t\t\t\t\t\t\t\t\t>\n\t\t\t\t<\/div>\n\t\t\t\t<div class=\"contact-icon-text__text\">\n\t\t\t\t\t+48 502 299 098\t\t\t\t<\/div>\n\t\t\t<\/div>\n\t\t<\/div> \n\t\t\n\n\t\t<div class=\"contact-icon-text contact-icon-text--small\">\n\t\t\t<div class=\"contact-icon-text__wrapper\">\n\t\t\t\t<div class=\"contact-icon-text__image-wrapper\">\n\t\t\t\t\t<img\n\t\t\t\t\t\tsrc=\"https:\/\/3dgence-druki.devel8.wlc.team\/wp-content\/uploads\/2024\/04\/mail_outline_ico.svg\"\n\t\t\t\t\t\talt=\"icon\"\n\t\t\t\t\t\tclass=\"contact-icon-text__image\"\n\t\t\t\t\t\t\t\t\t\t\t\t\t\t\t\t\t>\n\t\t\t\t<\/div>\n\t\t\t\t<div class=\"contact-icon-text__text\">\n\t\t\t\t\tsales@3dgence.com\t\t\t\t<\/div>\n\t\t\t<\/div>\n\t\t<\/div> \n\t\t<\/div>\n\n\n\n<p class=\"company-details__bottom-text\">Poland VAT-ID: PL6330009438<\/p>\n<\/div>\n<\/div>\n<\/div>\n","protected":false},"excerpt":{"rendered":"<p>Technical support Technical support If you require technical assistance, don&#8217;t hesitate to contact our dedicated support team. We ensure timely responses and uphold the highest&nbsp;service quality and reliability standards. Company details 3DGence GmbH Gradignanstra\u03b2e 4, 64319 Pfungstadt Amtsgericht Dresden HRB 40786 3DGence America Inc. 1841 E. Levee Street75207 Dallas, TX 3DGence Sp. z o. o. [&hellip;]<\/p>\n","protected":false},"author":1,"featured_media":0,"parent":0,"menu_order":0,"comment_status":"closed","ping_status":"closed","template":"","meta":{"_acf_changed":false,"footnotes":""},"class_list":["post-252","page","type-page","status-publish","hentry"],"acf":[],"yoast_head":"<!-- This site is optimized with the Yoast SEO plugin v25.9 - https:\/\/yoast.com\/wordpress\/plugins\/seo\/ -->\n<title>Contact - 3DGence<\/title>\n<meta name=\"robots\" content=\"noindex, follow, max-snippet:-1, max-image-preview:large, max-video-preview:-1\" \/>\n<meta property=\"og:locale\" content=\"de_DE\" \/>\n<meta property=\"og:type\" content=\"article\" \/>\n<meta property=\"og:title\" content=\"Contact - 3DGence\" \/>\n<meta property=\"og:description\" content=\"Technical support Technical support If you require technical assistance, don&#8217;t hesitate to contact our dedicated support team. We ensure timely responses and uphold the highest&nbsp;service quality and reliability standards. Company details 3DGence GmbH Gradignanstra\u03b2e 4, 64319 Pfungstadt Amtsgericht Dresden HRB 40786 3DGence America Inc. 1841 E. Levee Street75207 Dallas, TX 3DGence Sp. z o. o. [&hellip;]\" \/>\n<meta property=\"og:url\" content=\"https:\/\/3dgence-druki.devel8.wlc.team\/de\/kontakt\/\" \/>\n<meta property=\"og:site_name\" content=\"3DGence\" \/>\n<meta property=\"article:modified_time\" content=\"2025-07-15T09:04:01+00:00\" \/>\n<meta property=\"og:image\" content=\"https:\/\/3dgence-druki.devel8.wlc.team\/wp-content\/uploads\/2024\/04\/tehc-sup.webp\" \/>\n<meta name=\"twitter:card\" content=\"summary_large_image\" \/>\n<meta name=\"twitter:label1\" content=\"Est. reading time\" \/>\n\t<meta name=\"twitter:data1\" content=\"1 minute\" \/>\n<script type=\"application\/ld+json\" class=\"yoast-schema-graph\">{\"@context\":\"https:\/\/schema.org\",\"@graph\":[{\"@type\":\"WebPage\",\"@id\":\"https:\/\/3dgence-druki.devel8.wlc.team\/de\/kontakt\/\",\"url\":\"https:\/\/3dgence-druki.devel8.wlc.team\/de\/kontakt\/\",\"name\":\"Contact - 3DGence\",\"isPartOf\":{\"@id\":\"https:\/\/www.3dgence-druki.devel8.wlc.team\/de\/#website\"},\"primaryImageOfPage\":{\"@id\":\"https:\/\/3dgence-druki.devel8.wlc.team\/de\/kontakt\/#primaryimage\"},\"image\":{\"@id\":\"https:\/\/3dgence-druki.devel8.wlc.team\/de\/kontakt\/#primaryimage\"},\"thumbnailUrl\":\"https:\/\/3dgence-druki.devel8.wlc.team\/wp-content\/uploads\/2024\/04\/tehc-sup.webp\",\"datePublished\":\"2023-11-09T22:33:18+00:00\",\"dateModified\":\"2025-07-15T09:04:01+00:00\",\"breadcrumb\":{\"@id\":\"https:\/\/3dgence-druki.devel8.wlc.team\/de\/kontakt\/#breadcrumb\"},\"inLanguage\":\"de-DE\",\"potentialAction\":[{\"@type\":\"ReadAction\",\"target\":[\"https:\/\/3dgence-druki.devel8.wlc.team\/de\/kontakt\/\"]}]},{\"@type\":\"ImageObject\",\"inLanguage\":\"de-DE\",\"@id\":\"https:\/\/3dgence-druki.devel8.wlc.team\/de\/kontakt\/#primaryimage\",\"url\":\"https:\/\/3dgence-druki.devel8.wlc.team\/wp-content\/uploads\/2024\/04\/tehc-sup.webp\",\"contentUrl\":\"https:\/\/3dgence-druki.devel8.wlc.team\/wp-content\/uploads\/2024\/04\/tehc-sup.webp\"},{\"@type\":\"BreadcrumbList\",\"@id\":\"https:\/\/3dgence-druki.devel8.wlc.team\/de\/kontakt\/#breadcrumb\",\"itemListElement\":[{\"@type\":\"ListItem\",\"position\":1,\"name\":\"Home\",\"item\":\"https:\/\/www.3dgence-druki.devel8.wlc.team\/de\/\"},{\"@type\":\"ListItem\",\"position\":2,\"name\":\"Contact\"}]},{\"@type\":\"WebSite\",\"@id\":\"https:\/\/www.3dgence-druki.devel8.wlc.team\/de\/#website\",\"url\":\"https:\/\/www.3dgence-druki.devel8.wlc.team\/de\/\",\"name\":\"3DGence\",\"description\":\"Przemys\u0142owe rozwi\u0105zania druku 3D, urz\u0105dzenia i us\u0142ugi\",\"publisher\":{\"@id\":\"https:\/\/www.3dgence-druki.devel8.wlc.team\/de\/#organization\"},\"potentialAction\":[{\"@type\":\"SearchAction\",\"target\":{\"@type\":\"EntryPoint\",\"urlTemplate\":\"https:\/\/www.3dgence-druki.devel8.wlc.team\/de\/?s={search_term_string}\"},\"query-input\":{\"@type\":\"PropertyValueSpecification\",\"valueRequired\":true,\"valueName\":\"search_term_string\"}}],\"inLanguage\":\"de-DE\"},{\"@type\":\"Organization\",\"@id\":\"https:\/\/www.3dgence-druki.devel8.wlc.team\/de\/#organization\",\"name\":\"3DGence\",\"url\":\"https:\/\/www.3dgence-druki.devel8.wlc.team\/de\/\",\"logo\":{\"@type\":\"ImageObject\",\"inLanguage\":\"de-DE\",\"@id\":\"https:\/\/www.3dgence-druki.devel8.wlc.team\/de\/#\/schema\/logo\/image\/\",\"url\":\"https:\/\/3dgence-druki.devel8.wlc.team\/wp-content\/uploads\/2024\/06\/3DGence_Service_logo.svg\",\"contentUrl\":\"https:\/\/3dgence-druki.devel8.wlc.team\/wp-content\/uploads\/2024\/06\/3DGence_Service_logo.svg\",\"caption\":\"3DGence\"},\"image\":{\"@id\":\"https:\/\/www.3dgence-druki.devel8.wlc.team\/de\/#\/schema\/logo\/image\/\"}}]}<\/script>\n<!-- \/ Yoast SEO plugin. -->","yoast_head_json":{"title":"Contact - 3DGence","robots":{"index":"noindex","follow":"follow","max-snippet":"max-snippet:-1","max-image-preview":"max-image-preview:large","max-video-preview":"max-video-preview:-1"},"og_locale":"de_DE","og_type":"article","og_title":"Contact - 3DGence","og_description":"Technical support Technical support If you require technical assistance, don&#8217;t hesitate to contact our dedicated support team. We ensure timely responses and uphold the highest&nbsp;service quality and reliability standards. Company details 3DGence GmbH Gradignanstra\u03b2e 4, 64319 Pfungstadt Amtsgericht Dresden HRB 40786 3DGence America Inc. 1841 E. Levee Street75207 Dallas, TX 3DGence Sp. z o. o. [&hellip;]","og_url":"https:\/\/3dgence-druki.devel8.wlc.team\/de\/kontakt\/","og_site_name":"3DGence","article_modified_time":"2025-07-15T09:04:01+00:00","og_image":[{"url":"https:\/\/3dgence-druki.devel8.wlc.team\/wp-content\/uploads\/2024\/04\/tehc-sup.webp","type":"","width":"","height":""}],"twitter_card":"summary_large_image","twitter_misc":{"Est. reading time":"1 minute"},"schema":{"@context":"https:\/\/schema.org","@graph":[{"@type":"WebPage","@id":"https:\/\/3dgence-druki.devel8.wlc.team\/de\/kontakt\/","url":"https:\/\/3dgence-druki.devel8.wlc.team\/de\/kontakt\/","name":"Contact - 3DGence","isPartOf":{"@id":"https:\/\/www.3dgence-druki.devel8.wlc.team\/de\/#website"},"primaryImageOfPage":{"@id":"https:\/\/3dgence-druki.devel8.wlc.team\/de\/kontakt\/#primaryimage"},"image":{"@id":"https:\/\/3dgence-druki.devel8.wlc.team\/de\/kontakt\/#primaryimage"},"thumbnailUrl":"https:\/\/3dgence-druki.devel8.wlc.team\/wp-content\/uploads\/2024\/04\/tehc-sup.webp","datePublished":"2023-11-09T22:33:18+00:00","dateModified":"2025-07-15T09:04:01+00:00","breadcrumb":{"@id":"https:\/\/3dgence-druki.devel8.wlc.team\/de\/kontakt\/#breadcrumb"},"inLanguage":"de-DE","potentialAction":[{"@type":"ReadAction","target":["https:\/\/3dgence-druki.devel8.wlc.team\/de\/kontakt\/"]}]},{"@type":"ImageObject","inLanguage":"de-DE","@id":"https:\/\/3dgence-druki.devel8.wlc.team\/de\/kontakt\/#primaryimage","url":"https:\/\/3dgence-druki.devel8.wlc.team\/wp-content\/uploads\/2024\/04\/tehc-sup.webp","contentUrl":"https:\/\/3dgence-druki.devel8.wlc.team\/wp-content\/uploads\/2024\/04\/tehc-sup.webp"},{"@type":"BreadcrumbList","@id":"https:\/\/3dgence-druki.devel8.wlc.team\/de\/kontakt\/#breadcrumb","itemListElement":[{"@type":"ListItem","position":1,"name":"Home","item":"https:\/\/www.3dgence-druki.devel8.wlc.team\/de\/"},{"@type":"ListItem","position":2,"name":"Contact"}]},{"@type":"WebSite","@id":"https:\/\/www.3dgence-druki.devel8.wlc.team\/de\/#website","url":"https:\/\/www.3dgence-druki.devel8.wlc.team\/de\/","name":"3DGence","description":"Przemys\u0142owe rozwi\u0105zania druku 3D, urz\u0105dzenia i us\u0142ugi","publisher":{"@id":"https:\/\/www.3dgence-druki.devel8.wlc.team\/de\/#organization"},"potentialAction":[{"@type":"SearchAction","target":{"@type":"EntryPoint","urlTemplate":"https:\/\/www.3dgence-druki.devel8.wlc.team\/de\/?s={search_term_string}"},"query-input":{"@type":"PropertyValueSpecification","valueRequired":true,"valueName":"search_term_string"}}],"inLanguage":"de-DE"},{"@type":"Organization","@id":"https:\/\/www.3dgence-druki.devel8.wlc.team\/de\/#organization","name":"3DGence","url":"https:\/\/www.3dgence-druki.devel8.wlc.team\/de\/","logo":{"@type":"ImageObject","inLanguage":"de-DE","@id":"https:\/\/www.3dgence-druki.devel8.wlc.team\/de\/#\/schema\/logo\/image\/","url":"https:\/\/3dgence-druki.devel8.wlc.team\/wp-content\/uploads\/2024\/06\/3DGence_Service_logo.svg","contentUrl":"https:\/\/3dgence-druki.devel8.wlc.team\/wp-content\/uploads\/2024\/06\/3DGence_Service_logo.svg","caption":"3DGence"},"image":{"@id":"https:\/\/www.3dgence-druki.devel8.wlc.team\/de\/#\/schema\/logo\/image\/"}}]}},"_links":{"self":[{"href":"https:\/\/3dgence-druki.devel8.wlc.team\/de\/wp-json\/wp\/v2\/pages\/252","targetHints":{"allow":["GET"]}}],"collection":[{"href":"https:\/\/3dgence-druki.devel8.wlc.team\/de\/wp-json\/wp\/v2\/pages"}],"about":[{"href":"https:\/\/3dgence-druki.devel8.wlc.team\/de\/wp-json\/wp\/v2\/types\/page"}],"author":[{"embeddable":true,"href":"https:\/\/3dgence-druki.devel8.wlc.team\/de\/wp-json\/wp\/v2\/users\/1"}],"replies":[{"embeddable":true,"href":"https:\/\/3dgence-druki.devel8.wlc.team\/de\/wp-json\/wp\/v2\/comments?post=252"}],"version-history":[{"count":2,"href":"https:\/\/3dgence-druki.devel8.wlc.team\/de\/wp-json\/wp\/v2\/pages\/252\/revisions"}],"predecessor-version":[{"id":70009,"href":"https:\/\/3dgence-druki.devel8.wlc.team\/de\/wp-json\/wp\/v2\/pages\/252\/revisions\/70009"}],"wp:attachment":[{"href":"https:\/\/3dgence-druki.devel8.wlc.team\/de\/wp-json\/wp\/v2\/media?parent=252"}],"curies":[{"name":"wp","href":"https:\/\/api.w.org\/{rel}","templated":true}]}}